{"id":993,"date":"2020-06-05T08:04:34","date_gmt":"2020-06-05T06:04:34","guid":{"rendered":"http:\/\/pscherer-online.de\/wp\/?page_id=993"},"modified":"2025-09-08T11:01:45","modified_gmt":"2025-09-08T09:01:45","slug":"foerderung","status":"publish","type":"page","link":"https:\/\/pscherer-online.de\/wp\/?page_id=993","title":{"rendered":"F\u00f6rderung"},"content":{"rendered":"<div class=\"wp-block-image is-style-default\">\n<figure class=\"aligncenter size-large is-resized\"><img loading=\"lazy\" decoding=\"async\" width=\"250\" height=\"113\" src=\"https:\/\/pscherer-online.de\/wp\/wp-content\/uploads\/2020\/07\/2020_02_05_\u00dcberschriften_Website_BIP-F\u00f6rderung-e15928061545751.png\" alt=\"\" class=\"wp-image-2510\" style=\"width:221px\"\/><\/figure><\/div>\n\n\n<p class=\"has-text-color has-medium-font-size\" style=\"color:#0169b1\"><strong>Unsere Bildung wird gef\u00f6rdert<\/strong>!<\/p>\n\n\n\n<p>Gute Bildung muss nicht teuer sein! Mit dem Bildungsinstitut PSCHERER liegt ihre berufliche Weiterbildung und Zukunft in guten H\u00e4nden. Durch unsere langj\u00e4hrige Erfahrung und Vernetzung mit Arbeitsagenturen, Jobcentern und anderen \u00f6ffentlichen Institutionen werden viele unserer Angebote finanziell gef\u00f6rdert. Die Vielzahl der F\u00f6rderungen erm\u00f6glicht die Chance Ihre berufliche Zukunft oder die Zukunft Ihres Unternehmens individuell zu gestalten. Gerne beraten wir Sie hinsichtlich Ihrer F\u00f6rderm\u00f6glichkeiten und -optionen in einem pers\u00f6nlichen Gespr\u00e4ch!<\/p>\n\n\n\n<p>Unsere <a href=\"?page_id=141\"><i class=\"wp-svg-arrow-up-right-2 arrow-up-right-2\"><\/i> <strong>Angebots\u00fcbersicht<\/strong><\/a> zeigt Ihnen, welche unserer Angebote f\u00fcr Sie gef\u00f6rdert werden!<\/p>\n\n\n\n<p style=\"color:#0169b1\" class=\"has-text-color has-medium-font-size\"><p style=\"color:#0169b1\" class=\"has-text-color has-medium-font-size\" id=\"bildungsgutschein\"><strong>Bildungsgutschein<\/strong><\/p><\/p>\n\n\n\n<p>Arbeitslose oder von Arbeitslosigkeit bedrohte Personen k\u00f6nnen f\u00fcr die F\u00f6rderung ihrer beruflichen Weiterbildung einen Bildungsgutschein beantragen. Dieser kann dann bei uns f\u00fcr eine zertifizierte Bildungsma\u00dfnahme eingel\u00f6st werden. Ihr Kostentr\u00e4ger \u00fcbernimmt in dem Fall alle Kosten f\u00fcr Lehrgang, Fahrt, Unterbringung und Kinderbetreuung.<br><br><i class=\"wp-svg-info info\"><\/i> <a href=\"https:\/\/www.arbeitsagentur.de\/karriere-und-weiterbildung\/foerderung-berufliche-weiterbildung\" target=\"_blank\" rel=\"noreferrer noopener\">Erfahren Sie mehr.<\/a><\/p>\n\n\n\n<p style=\"color:#0169b1\" class=\"has-text-color has-medium-font-size\"><p style=\"color:#0169b1\" class=\"has-text-color has-medium-font-size\" id=\"AVGS\"><strong>Aktivierungs- und Vermittlungsgutschein<\/strong><\/p><\/p>\n\n\n\n<p>\u00dcber den <strong>Aktivierungs- und Vermittlungsgutschein (AVGS)<\/strong> werden Angebote zur Aktivierung und beruflichen Eingliederung entsprechend \u00a7 45 SGB III gef\u00f6rdert. Einen AVGS k\u00f6nnen Sie bei uns f\u00fcr ein zertifiziertes Coaching oder eine Qualifizierung einl\u00f6sen, um Ihre Chancen am Arbeitsmarkt zu verbessern. Die F\u00f6rderung umfasst die \u00dcbernahme der Kosten f\u00fcr die Teilnahme an der Ma\u00dfnahme. W\u00e4hrend der Teilnahme wird das Arbeitslosengeld weiter gew\u00e4hrt, sofern ein Anspruch besteht.<br><br><i class=\"wp-svg-info info\"><\/i> <span class=\"has-inline-color has-vivid-red-color\"><a rel=\"noreferrer noopener\" href=\"https:\/\/www.arbeitsagentur.de\/aktivierungs-vermittlungsgutschein-avgs\" target=\"_blank\">Erfahren Sie mehr.<\/a><\/span><\/p>\n\n\n\n<p style=\"color:#0169b1\" class=\"has-text-color has-medium-font-size\"><p style=\"color:#0169b1\" class=\"has-text-color has-medium-font-size\" id=\"ESF\"><strong>Europ\u00e4ischer Sozialfonds<\/strong><\/p><\/p>\n\n\n\n<p>Durch den <strong>Europ\u00e4ischen Sozialfonds (ESF)<\/strong> k\u00f6nnen Personen unterschiedlichster Zielgruppen \u00fcberall in der EU Unterst\u00fctzung erhalten. Im Rahmen von verschiedenen Programmen werden z. B. Besch\u00e4ftigte, arbeitslose Nichtleistungsempf\u00e4nger und Wiedereinsteiger aber auch Unternehmen unterst\u00fctzt. Unsere durch den ESF gef\u00f6rderten Projekte unterst\u00fctzen Sie durch individuelles Coaching sowohl beim Bewerbungstraining als auch bei der Vermittlung in Besch\u00e4ftigung, um Ihnen eine bessere Chance am Arbeitsmarkt zu erm\u00f6glichen.<br><br><i class=\"wp-svg-info info\"><\/i> <span class=\"has-inline-color has-vivid-red-color\"><a href=\"https:\/\/www.esf.de\/portal\/DE\/ESF-Plus-2021-2027\/inhalt.html\" target=\"_blank\" rel=\"noreferrer noopener\">Erfahren Sie mehr.<\/a><\/span><\/p>\n\n\n\n<p style=\"color:#0169b1\" class=\"has-text-color has-medium-font-size\"><p style=\"color:#0169b1\" class=\"has-text-color has-medium-font-size\" id=\"BAMF\"><strong>Bundesamt f\u00fcr Migration und Fl\u00fcchtlinge<\/strong><\/p><\/p>\n\n\n\n<p>Das <strong>Bundesamt f\u00fcr Migration und Fl\u00fcchtlinge (BAMF)<\/strong> f\u00f6rdert verschiedene Kurse f\u00fcr Menschen mit Migrationshintergrund. Dazu z\u00e4hlen beispielsweise Integrationskurse oder Sprachkurse zum Erlernen der deutschen Sprache. Ziel ist es, Menschen mit Migrationshintergrund \u00fcber die Sprache schneller in die deutsche Gesellschaft sowie den deutschen Arbeitsmarkt integrieren zu k\u00f6nnen. Unsere Kurse helfen Ihnen die deutsche Sprache zu meistern, um somit schneller einen Job zu finden, der Ihren Qualifizierungen und Vorlieben entspricht.<br><br><i class=\"wp-svg-info info\"><\/i> <span class=\"has-inline-color has-vivid-red-color\"><a href=\"https:\/\/www.bamf.de\/DE\/Behoerde\/Aufgaben\/FoerderungIntegration\/foerderungintegration-node.html\" target=\"_blank\" rel=\"noreferrer noopener\">Erfahren Sie mehr.<\/a><\/span><\/p>\n\n\n\n<p class=\"has-text-color has-medium-font-size\" style=\"color:#0169b1\"><strong>Qualifizierungschancengesetz<\/strong><\/p>\n\n\n\n<p>Mit dem <strong>Qualifizierungschancengesetz<\/strong> und der einhergehenden Qualifizierungsoffensive er\u00f6ffnet die Bundesagentur f\u00fcr Arbeit Unternehmen und seinen Mitarbeitern neue Chancen, sich f\u00fcr die neue Arbeitswelt zu r\u00fcsten. Es gibt Mitarbeitern die M\u00f6glichkeit, im Job an Weiterbildungen oder Umschulungen teilzunehmen. Diese Ma\u00dfnahmen werden durch finanzielle Hilfen der Arbeitsagentur gef\u00f6rdert, um die Bereitschaft von Unternehmen zu erh\u00f6hen, nachhaltig in ihre Angestellten zu investieren.<br><br><i class=\"wp-svg-info info\"><\/i> <span class=\"has-inline-color has-vivid-red-color\"><a href=\"https:\/\/www.bmas.de\/DE\/Service\/Gesetze\/qualifizierungschancengesetz.html\" target=\"_blank\" rel=\"noreferrer noopener\">Erfahren Sie mehr.<\/a><\/span><\/p>\n\n\n\n<p class=\"has-text-color has-medium-font-size\" style=\"color:#0169b1\"><strong>Berufsf\u00f6rderung der Bundeswehr<\/strong><\/p>\n\n\n\n<p>Nach dem Soldatenversorgungsgesetz k\u00f6nnen Zeitsoldat\/innen durch den <strong>Berufsf\u00f6rderungsdienst (BFD)<\/strong> der Bundeswehr gef\u00f6rdert werden. Der Bund \u00fcbernimmt in diesem Fall die Kosten f\u00fcr Lehrgangskosten, Lernmittel und Pr\u00fcfungsgeb\u00fchren sowie den Finanzhilfeanteil des Landes.<br><br><i class=\"wp-svg-info info\"><\/i> <span class=\"has-inline-color has-vivid-red-color\"><a href=\"https:\/\/www.bundeswehr.de\/de\/menschen-karrieren\/der-berufsfoerderungsdienst-der-bundeswehr-bfd\" target=\"_blank\" rel=\"noreferrer noopener\">Erfahren Sie mehr.<\/a><\/span><\/p>\n\n\n\n<div style=\"font-size:12px\" align=\"right\">Bildrechte:<br>\nHeaderbild: <a href=\"https:\/\/www.freepik.com\/free-photos-vectors\/business\">Business photo created by master1305 &#8211; www.freepik.com<\/a>\n<\/div>\n\n\n\n<p><\/p>\n","protected":false},"excerpt":{"rendered":"<p>Unsere Bildung wird gef\u00f6rdert! Gute Bildung muss nicht teuer sein! Mit dem Bildungsinstitut PSCHERER liegt ihre berufliche Weiterbildung und Zukunft in guten H\u00e4nden. Durch unsere langj\u00e4hrige Erfahrung und Vernetzung mit Arbeitsagenturen, Jobcentern<a class=\"moretag\" href=\"https:\/\/pscherer-online.de\/wp\/?page_id=993\">mehr anzeigen&#8230;<\/a><\/p>\n","protected":false},"author":1,"featured_media":0,"parent":0,"menu_order":0,"comment_status":"closed","ping_status":"closed","template":"page-sidebar.php","meta":{"footnotes":""},"class_list":["post-993","page","type-page","status-publish","hentry"],"_links":{"self":[{"href":"https:\/\/pscherer-online.de\/wp\/index.php?rest_route=\/wp\/v2\/pages\/993","targetHints":{"allow":["GET"]}}],"collection":[{"href":"https:\/\/pscherer-online.de\/wp\/index.php?rest_route=\/wp\/v2\/pages"}],"about":[{"href":"https:\/\/pscherer-online.de\/wp\/index.php?rest_route=\/wp\/v2\/types\/page"}],"author":[{"embeddable":true,"href":"https:\/\/pscherer-online.de\/wp\/index.php?rest_route=\/wp\/v2\/users\/1"}],"replies":[{"embeddable":true,"href":"https:\/\/pscherer-online.de\/wp\/index.php?rest_route=%2Fwp%2Fv2%2Fcomments&post=993"}],"version-history":[{"count":36,"href":"https:\/\/pscherer-online.de\/wp\/index.php?rest_route=\/wp\/v2\/pages\/993\/revisions"}],"predecessor-version":[{"id":5559,"href":"https:\/\/pscherer-online.de\/wp\/index.php?rest_route=\/wp\/v2\/pages\/993\/revisions\/5559"}],"wp:attachment":[{"href":"https:\/\/pscherer-online.de\/wp\/index.php?rest_route=%2Fwp%2Fv2%2Fmedia&parent=993"}],"curies":[{"name":"wp","href":"https:\/\/api.w.org\/{rel}","templated":true}]}}