{"id":5622,"date":"2025-11-13T08:43:53","date_gmt":"2025-11-13T07:43:53","guid":{"rendered":"https:\/\/pscherer-online.de\/wp\/?page_id=5622"},"modified":"2025-11-13T08:43:53","modified_gmt":"2025-11-13T07:43:53","slug":"angebote-fuer-unternehmen-kommunen-und-beschaeftigte-cordikids","status":"publish","type":"page","link":"https:\/\/pscherer-online.de\/wp\/?page_id=5622","title":{"rendered":"Angebote f\u00fcr Unternehmen, Kommunen und Besch\u00e4ftigte &#8211; CordiKids"},"content":{"rendered":"\n<h2 class=\"wp-block-heading\">CordiKids &#8211; <br><em>Building empathy through coding activities in early childhood education<\/em><\/h2>\n\n\n\n<div class=\"wp-block-columns is-layout-flex wp-container-core-columns-is-layout-9d6595d7 wp-block-columns-is-layout-flex\">\n<div class=\"wp-block-column is-layout-flow wp-block-column-is-layout-flow\">\n<p>Das Projekt CordiKids verbindet Programmieren, bildschirmfreie Robotik und Empathie in Kinderg\u00e4rten f\u00fcr Kinder im Alter von 3 bis 6 Jahren. Durch praktische Schulungen und frei zug\u00e4ngliche Materialien st\u00e4rken Lehrer ihre digitalen und p\u00e4dagogischen Kompetenzen, w\u00e4hrend Kinder spielerisch Probleml\u00f6sungsf\u00e4higkeiten, Zusammenarbeit und emotionale Bewusstheit erlernen.<\/p>\n\n\n\n<p>Das Ergebnis ist ein Lehrplan mit mehr als 20 Aktivit\u00e4ten ohne Bildschirm und mit Robotik, kurzen Lehrvideos, Bewertungstools und einem Train-the-Trainer-Modell f\u00fcr eine breitere Umsetzung.<\/p>\n\n\n\n<p>CordiKids connects coding, non-screen robotics, and empathy in kindergartens for children aged 3\u20136. Through practical trainings and open-access materials, teachers strengthen their digital and pedagogical competences, while children learn problem-solving, collaboration, and emotional awareness through play.<\/p>\n\n\n\n<p>The results include a curriculum with 20+ unplugged and robotics activities, short instructional videos, assessment tools, and a train-the-trainer model for wider implementation.<\/p>\n\n\n\n<p class=\"has-medium-font-size\"><strong>Laufzeit\/Duration<\/strong><\/p>\n\n\n\n<p>01.10.2025 bis 30.04.2028<\/p>\n\n\n\n<p class=\"has-medium-font-size\"><strong>Zielgruppen\/target groups<\/strong><\/p>\n\n\n\n<p>Kinderg\u00e4rten\/Kindergarten<\/p>\n\n\n\n<p class=\"has-medium-font-size\"><strong>Partner<\/strong><\/p>\n\n\n\n<p>GoINNO<br>University of Maribor<br>Primera<br>MLA Viimsi Lasteaiad<\/p>\n\n\n\n<div class=\"wp-block-columns is-layout-flex wp-container-core-columns-is-layout-9d6595d7 wp-block-columns-is-layout-flex\">\n<div class=\"wp-block-column is-layout-flow wp-block-column-is-layout-flow\">\n<div style=\"height:40px\" aria-hidden=\"true\" class=\"wp-block-spacer\"><\/div>\n\n\n<div class=\"wp-block-image\">\n<figure class=\"aligncenter size-large\"><img loading=\"lazy\" decoding=\"async\" width=\"1024\" height=\"351\" src=\"https:\/\/pscherer-online.de\/wp\/wp-content\/uploads\/2024\/05\/Erasmus_with_baseline-left_pos_RGB_EN-1024x351.png\" alt=\"\" class=\"wp-image-4593\" srcset=\"https:\/\/pscherer-online.de\/wp\/wp-content\/uploads\/2024\/05\/Erasmus_with_baseline-left_pos_RGB_EN-1024x351.png 1024w, https:\/\/pscherer-online.de\/wp\/wp-content\/uploads\/2024\/05\/Erasmus_with_baseline-left_pos_RGB_EN-300x103.png 300w, https:\/\/pscherer-online.de\/wp\/wp-content\/uploads\/2024\/05\/Erasmus_with_baseline-left_pos_RGB_EN-768x263.png 768w, https:\/\/pscherer-online.de\/wp\/wp-content\/uploads\/2024\/05\/Erasmus_with_baseline-left_pos_RGB_EN-1536x526.png 1536w, https:\/\/pscherer-online.de\/wp\/wp-content\/uploads\/2024\/05\/Erasmus_with_baseline-left_pos_RGB_EN-2048x702.png 2048w\" sizes=\"auto, (max-width: 1024px) 100vw, 1024px\" \/><\/figure><\/div><\/div>\n\n\n\n<div class=\"wp-block-column is-layout-flow wp-block-column-is-layout-flow\">\n<figure class=\"wp-block-image size-full is-resized\"><img loading=\"lazy\" decoding=\"async\" width=\"910\" height=\"922\" src=\"https:\/\/pscherer-online.de\/wp\/wp-content\/uploads\/2024\/05\/DE_V_Kofinanziert_von_der_Europaeischen_Union_Web_blau_NEU.jpg\" alt=\"\" class=\"wp-image-4594\" style=\"width:173px;height:auto\"\/><\/figure>\n<\/div>\n<\/div>\n\n\n\n<p class=\"has-small-font-size has-5-font-size\">Von der Europ\u00e4ischen Union finanziert. Die ge\u00e4u\u00dferten Ansichten und Meinungen entsprechen jedoch ausschlie\u00dflich denen des Autors bzw. der Autoren und spiegeln nicht zwingend die der Europ\u00e4ischen Union oder der Europ\u00e4ischen Exekutivagentur f\u00fcr Bildung und Kultur (EACEA) wider. Weder die Europ\u00e4ische Union noch die EACEA k\u00f6nnen daf\u00fcr verantwortlich gemacht werden.<\/p>\n<\/div>\n\n\n\n<div class=\"wp-block-column is-layout-flow wp-block-column-is-layout-flow\" style=\"flex-basis:30%\">\n<p class=\"has-medium-font-size\"><strong>Kontakt<\/strong><\/p>\n\n\n\n<p><strong>Lengenfeld<\/strong><br>Reichenbacher Str. 39<br>08485 Lengenfeld<br>Bianca Benkert<br><i class=\"wp-svg-phone phone\"><\/i> 037606 39-130<br><i class=\"wp-svg-envelop envelop\"><\/i> <a href=\"mailto:bb@pscherer-online.de\">bb@pscherer-online.de<\/a><br><br><\/p>\n<\/div>\n<\/div>\n","protected":false},"excerpt":{"rendered":"<p>CordiKids &#8211; Building empathy through coding activities in early childhood education Das Projekt CordiKids verbindet Programmieren, bildschirmfreie Robotik und Empathie in Kinderg\u00e4rten f\u00fcr Kinder im Alter von 3 bis 6 Jahren. Durch<a class=\"moretag\" href=\"https:\/\/pscherer-online.de\/wp\/?page_id=5622\">mehr anzeigen&#8230;<\/a><\/p>\n","protected":false},"author":1,"featured_media":0,"parent":141,"menu_order":0,"comment_status":"closed","ping_status":"closed","template":"page-sidebar.php","meta":{"footnotes":""},"class_list":["post-5622","page","type-page","status-publish","hentry"],"_links":{"self":[{"href":"https:\/\/pscherer-online.de\/wp\/index.php?rest_route=\/wp\/v2\/pages\/5622","targetHints":{"allow":["GET"]}}],"collection":[{"href":"https:\/\/pscherer-online.de\/wp\/index.php?rest_route=\/wp\/v2\/pages"}],"about":[{"href":"https:\/\/pscherer-online.de\/wp\/index.php?rest_route=\/wp\/v2\/types\/page"}],"author":[{"embeddable":true,"href":"https:\/\/pscherer-online.de\/wp\/index.php?rest_route=\/wp\/v2\/users\/1"}],"replies":[{"embeddable":true,"href":"https:\/\/pscherer-online.de\/wp\/index.php?rest_route=%2Fwp%2Fv2%2Fcomments&post=5622"}],"version-history":[{"count":3,"href":"https:\/\/pscherer-online.de\/wp\/index.php?rest_route=\/wp\/v2\/pages\/5622\/revisions"}],"predecessor-version":[{"id":5626,"href":"https:\/\/pscherer-online.de\/wp\/index.php?rest_route=\/wp\/v2\/pages\/5622\/revisions\/5626"}],"up":[{"embeddable":true,"href":"https:\/\/pscherer-online.de\/wp\/index.php?rest_route=\/wp\/v2\/pages\/141"}],"wp:attachment":[{"href":"https:\/\/pscherer-online.de\/wp\/index.php?rest_route=%2Fwp%2Fv2%2Fmedia&parent=5622"}],"curies":[{"name":"wp","href":"https:\/\/api.w.org\/{rel}","templated":true}]}}