{"id":5223,"date":"2025-07-22T15:20:18","date_gmt":"2025-07-22T13:20:18","guid":{"rendered":"https:\/\/pscherer-online.de\/wp\/?page_id=5223"},"modified":"2025-07-25T11:25:17","modified_gmt":"2025-07-25T09:25:17","slug":"angebote-fuer-arbeitsuchende-juventus-ideal-integration-durch-europaeischen-austausch-lernen","status":"publish","type":"page","link":"https:\/\/pscherer-online.de\/wp\/?page_id=5223","title":{"rendered":"Angebote f\u00fcr Arbeitsuchende &#8211; JUVENTUS \u2013 I:DeAl"},"content":{"rendered":"\n<h2 class=\"wp-block-heading\">JUVENTUS \u2013 I:DeAl \u2013 Integration: Durch europ\u00e4ischen Austausch lernen<\/h2>\n\n\n\n<div class=\"wp-block-columns is-layout-flex wp-container-core-columns-is-layout-9d6595d7 wp-block-columns-is-layout-flex\">\n<div class=\"wp-block-column is-layout-flow wp-block-column-is-layout-flow\">\n<p>ESF Plus Bundesprogramm \u201eJUVENTUS &#8211; Mobilit\u00e4t st\u00e4rken, f\u00fcr ein soziales Europa\u201c, finanziert durch das Bundesministerium f\u00fcr Arbeit und Soziales und die Europ\u00e4ische Union \u00fcber den Europ\u00e4ischen Sozialfonds Plus (ESF Plus)<\/p>\n\n\n\n<p>Das Programm JUVENTUS richtet sich an benachteiligte junge Menschen von 18 bis 30 Jahren, deren Zugang zu Arbeit oder Ausbildung aus mehreren individuellen und\/oder strukturellen Gr\u00fcnden besonders erschwert ist. Durch mehrmonatige betriebliche Praktika im europ\u00e4ischen Ausland k\u00f6nnen arbeitslose\/arbeitssuchende Jugendliche und junge Erwachsene (Lern-)Erfahrungen in anderen L\u00e4ndern sammeln und hierdurch ihre Chancen auf dem Arbeitsmarkt verbessern. Das Programm f\u00f6rdert die Besch\u00e4ftigungsf\u00e4higkeit und die Entwicklung beruflicher Perspektiven der Teilnehmenden, mit dem Ziel der nachhaltigen Integration in den inl\u00e4ndischen Arbeitsmarkt.<\/p>\n\n\n\n<p>Das Bildungsinstitut PSCHERER gGmbH ist verantwortlicher Projekttr\u00e4ger. Die Umsetzung mit dem Zielland Schweden erfolgt in Kooperation mit K&amp;R Education Malm\u00f6 AB sowie den Jobcentern Vogtland, Zwickau, Erzgebirgskreis und Chemnitz.<\/p>\n\n\n\n<p class=\"has-medium-font-size\"><strong>Laufzeit<\/strong><\/p>\n\n\n\n<p>01.03.2025 bis 31.08.2028<\/p>\n\n\n\n<p class=\"has-medium-font-size\"><strong>Inhalte<\/strong><\/p>\n\n\n\n<ul class=\"wp-block-list\">\n<li>Praktische Arbeitserfahrung in einem internationalen Umfeld<\/li>\n\n\n\n<li>Verbesserung der Sprachkenntnisse und interkulturellen Kompetenzen<\/li>\n\n\n\n<li>Professionelle Begleitung und individuelle F\u00f6rderung (u. a. individuelles Coaching und Coaching in der Gruppe, Vorbereitung auf Praktika im In- und Ausland sowie auf den Auslandsaufenthalt, Begleitung w\u00e4hrend des Auslandsaufenthaltes)<\/li>\n\n\n\n<li>Qualifizierte Zeugnisse von schwedischen Unternehmen, internationaler Lebenslauf (EUROPASS)<\/li>\n\n\n\n<li>Unterst\u00fctzung bei der Integration in den Arbeitsmarkt<\/li>\n<\/ul>\n\n\n\n<p class=\"has-medium-font-size\"><strong>Zielgruppen<\/strong><\/p>\n\n\n\n<p>benachteiligte junge Menschen von 18 bis 30 Jahren<\/p>\n\n\n\n<p class=\"has-medium-font-size\"><strong>Kooperationspartner<\/strong><\/p>\n\n\n\n<p>Jobcenter Chemnitz, Erzgebirgskreis, Vogtland, Zwickau<br>K&amp;R Education Malm\u00f6<\/p>\n\n\n\n<div class=\"wp-block-columns is-layout-flex wp-container-core-columns-is-layout-9d6595d7 wp-block-columns-is-layout-flex\">\n<div class=\"wp-block-column is-layout-flow wp-block-column-is-layout-flow\">\n<figure class=\"wp-block-image size-full\"><img loading=\"lazy\" decoding=\"async\" width=\"798\" height=\"369\" src=\"https:\/\/pscherer-online.de\/wp\/wp-content\/uploads\/2025\/07\/BMAS_EU_Foerderlogo.jpg\" alt=\"\" class=\"wp-image-5230\"\/><\/figure>\n<\/div>\n\n\n\n<div class=\"wp-block-column is-layout-flow wp-block-column-is-layout-flow\">\n<figure class=\"wp-block-image size-full\"><img loading=\"lazy\" decoding=\"async\" width=\"519\" height=\"201\" src=\"https:\/\/pscherer-online.de\/wp\/wp-content\/uploads\/2025\/07\/juventus_logo_flyer.jpg\" alt=\"\" class=\"wp-image-5227\"\/><\/figure>\n<\/div>\n<\/div>\n\n\n\n<div class=\"wp-block-group\"><div class=\"wp-block-group__inner-container is-layout-constrained wp-block-group-is-layout-constrained\"><\/div><\/div>\n<\/div>\n\n\n\n<div class=\"wp-block-column is-layout-flow wp-block-column-is-layout-flow\" style=\"flex-basis:30%\">\n<figure class=\"wp-block-image size-full is-style-default\"><img loading=\"lazy\" decoding=\"async\" width=\"1380\" height=\"920\" src=\"https:\/\/pscherer-online.de\/wp\/wp-content\/uploads\/2025\/07\/lebensstil-von-jungen-freunden-draussen.jpg\" alt=\"\" class=\"wp-image-5226\"\/><figcaption class=\"wp-element-caption\">Bildrechte: de.freepik.com<\/figcaption><\/figure>\n\n\n\n<p class=\"has-medium-font-size\"><strong>Downloads<\/strong><\/p>\n\n\n\n<p><a href=\"https:\/\/pscherer-online.de\/wp\/wp-content\/uploads\/2025\/07\/2025-IDeAl-Flyer.pdf\">Flyer Lengenfeld<\/a><br><a href=\"https:\/\/pscherer-online.de\/wp\/wp-content\/uploads\/2025\/07\/2025_03_10_IDeAl_Flyer_Wickel_DINlang_6-seitig_ERZ_C.pdf\">Flyer Chemnitz<\/a><\/p>\n\n\n\n<p class=\"has-medium-font-size\"><strong>Kontakt<\/strong><\/p>\n\n\n\n<p><strong>Lengenfeld<\/strong><br>Reichenbacher Str. 39<br>08485 Lengenfeld<br><br>Bianca Benkert<br><i class=\"wp-svg-phone phone\"><\/i> 037606 39-130<br><i class=\"wp-svg-envelop envelop\"><\/i> <a href=\"mailto:bb@pscherer-online.de\">bb@pscherer-online.de<\/a><br><br><\/p>\n\n\n\n<p><strong>Chemnitz<\/strong><br>Elsasser Str. 7<br>09120 Chemnitz<br><br>Jan R\u00f6hrer<br><i class=\"wp-svg-phone phone\"><\/i> 0371 52039637<br><i class=\"wp-svg-envelop envelop\"><\/i> <a href=\"mailto:jr@pscherer-online.de\">jr@pscherer-online.de<\/a><br><br><\/p>\n<\/div>\n<\/div>\n\n\n\n<a href=\"javascript:history.back();\"><i class=\"wp-svg-backward-2 backward-2\"><\/i> zur\u00fcck zu den Angeboten<\/a>\n\n\n\n\n\n<p><\/p>\n","protected":false},"excerpt":{"rendered":"<p>JUVENTUS \u2013 I:DeAl \u2013 Integration: Durch europ\u00e4ischen Austausch lernen ESF Plus Bundesprogramm \u201eJUVENTUS &#8211; Mobilit\u00e4t st\u00e4rken, f\u00fcr ein soziales Europa\u201c, finanziert durch das Bundesministerium f\u00fcr Arbeit und Soziales und die Europ\u00e4ische Union<a class=\"moretag\" href=\"https:\/\/pscherer-online.de\/wp\/?page_id=5223\">mehr anzeigen&#8230;<\/a><\/p>\n","protected":false},"author":1,"featured_media":0,"parent":141,"menu_order":0,"comment_status":"closed","ping_status":"closed","template":"page-sidebar.php","meta":{"footnotes":""},"class_list":["post-5223","page","type-page","status-publish","hentry"],"_links":{"self":[{"href":"https:\/\/pscherer-online.de\/wp\/index.php?rest_route=\/wp\/v2\/pages\/5223","targetHints":{"allow":["GET"]}}],"collection":[{"href":"https:\/\/pscherer-online.de\/wp\/index.php?rest_route=\/wp\/v2\/pages"}],"about":[{"href":"https:\/\/pscherer-online.de\/wp\/index.php?rest_route=\/wp\/v2\/types\/page"}],"author":[{"embeddable":true,"href":"https:\/\/pscherer-online.de\/wp\/index.php?rest_route=\/wp\/v2\/users\/1"}],"replies":[{"embeddable":true,"href":"https:\/\/pscherer-online.de\/wp\/index.php?rest_route=%2Fwp%2Fv2%2Fcomments&post=5223"}],"version-history":[{"count":3,"href":"https:\/\/pscherer-online.de\/wp\/index.php?rest_route=\/wp\/v2\/pages\/5223\/revisions"}],"predecessor-version":[{"id":5233,"href":"https:\/\/pscherer-online.de\/wp\/index.php?rest_route=\/wp\/v2\/pages\/5223\/revisions\/5233"}],"up":[{"embeddable":true,"href":"https:\/\/pscherer-online.de\/wp\/index.php?rest_route=\/wp\/v2\/pages\/141"}],"wp:attachment":[{"href":"https:\/\/pscherer-online.de\/wp\/index.php?rest_route=%2Fwp%2Fv2%2Fmedia&parent=5223"}],"curies":[{"name":"wp","href":"https:\/\/api.w.org\/{rel}","templated":true}]}}