{"id":4710,"date":"2025-03-26T10:36:47","date_gmt":"2025-03-26T09:36:47","guid":{"rendered":"https:\/\/pscherer-online.de\/wp\/?page_id=4710"},"modified":"2026-03-10T12:10:27","modified_gmt":"2026-03-10T11:10:27","slug":"angebote-fuer-arbeitsuchende-grundbildungszentrum-vogtland","status":"publish","type":"page","link":"https:\/\/pscherer-online.de\/wp\/?page_id=4710","title":{"rendered":"Angebote f\u00fcr Arbeitsuchende &#8211; Grundbildungszentrum Vogtland"},"content":{"rendered":"\n<h2 class=\"wp-block-heading\">Grundbildungszentrum Vogtland<\/h2>\n\n\n\n<div class=\"wp-block-columns is-layout-flex wp-container-core-columns-is-layout-9d6595d7 wp-block-columns-is-layout-flex\">\n<div class=\"wp-block-column is-layout-flow wp-block-column-is-layout-flow\">\n<p class=\"has-medium-font-size\"><strong>F\u00f6rderung<\/strong><\/p>\n\n\n\n<figure class=\"wp-block-image size-full\"><img loading=\"lazy\" decoding=\"async\" width=\"1133\" height=\"163\" src=\"https:\/\/pscherer-online.de\/wp\/wp-content\/uploads\/2023\/09\/Logoleiste_TANDEM_neu.jpg\" alt=\"\" class=\"wp-image-4291\"\/><\/figure>\n\n\n\n<p>Im Rahmen des EFS gef\u00f6rderten Projektes Grundbildungszentrum Vogtland werden f\u00fcr gering literalisierte Erwachsene Angebote zur Alphabetisierung und Grundbildung geschaffen. Dazu geh\u00f6ren einerseits spezifische Kurse f\u00fcr Erwachsene zur Verbesserung der Schriftsprach- und Grundbildungskompetenzen, Rechenf\u00e4higkeit, Medien- und IT-Kompetenz sowie offene Beratungsangebote, welche alle Bereiche essenzieller Grundbildung umfassen, die zur Bew\u00e4ltigung von Alltagsanforderungen und zur Teilhabe am gesellschaftlichen Leben notwendig sind. In den geschlossenen Lern\u00adangeboten wird eine diagnostische Lernberatung und individuelle partizipative Lernzielplanung angestrebt.<\/p>\n\n\n\n<p>Mit Hilfe von Kooperationspartnern gestaltet das Bildungsinstitut PSCHERER gGmbH weitere attraktive Kontakt-, Begegnungs- und Bera\u00adtungsorte und kn\u00fcpft mit Lernangeboten an den Bedarfen und Lerninteressen von Teilnehmenden an.<\/p>\n\n\n\n<p>Weiterhin erfolgt die Koordinierung und Umsetzung der regionalen \u00d6ffentlichkeitsarbeit sowie die Bereitstellung von Informationen (u. a. f\u00fcr die regionalen Medien) in enger Zusammenarbeit mit der Koordinierungsstelle Alphabetisierung und Grundbildung Sachsen ALFAplus und so die landesweite Vernetzung lokaler und regionaler Netzwerke f\u00fcr Alphabetisierung und Grundbildung sowie der Lernenden selbst.<\/p>\n\n\n\n<p><\/p>\n\n\n\n<p class=\"has-medium-font-size\"><strong>Laufzeit<\/strong><\/p>\n\n\n\n<p>01.05.2024 bis 31.12.2026<\/p>\n\n\n\n<p class=\"has-medium-font-size\"><strong>Zielgruppen<\/strong><\/p>\n\n\n\n<p>gering literalisierte Erwachsene<\/p>\n<\/div>\n\n\n\n<div class=\"wp-block-column is-layout-flow wp-block-column-is-layout-flow\" style=\"flex-basis:30%\">\n<figure class=\"wp-block-image size-full is-style-default\"><img loading=\"lazy\" decoding=\"async\" width=\"1737\" height=\"408\" src=\"https:\/\/pscherer-online.de\/wp\/wp-content\/uploads\/2024\/08\/GBZ_V.jpg\" alt=\"\" class=\"wp-image-4708\"\/><\/figure>\n\n\n\n<p class=\"has-medium-font-size\"><strong>Kontakt<\/strong><\/p>\n\n\n\n<p><strong>Plauen<\/strong><br \/>Morgenbergstra\u00dfe 19<br \/>08525 Plauen<\/p>\n<p>Klaus Mehnert<br \/><i class=\"wp-svg-phone phone\"><\/i> 037606 39-320<br \/>\n<a target=\"_blank\" href=\"https:\/\/wa.me\/+49015560082682\" rel=\"noopener\"><img decoding=\"async\" width=\"25\" src=\"https:\/\/pscherer-online.de\/wp\/wp-content\/uploads\/2022\/03\/index-e1648718191785.png\"><\/a> 0155 60082682<\/a><br \/><i class=\"wp-svg-envelop envelop\"><\/i> <a href=\"mailto:kme@pscherer-online.de\">kme@pscherer-online.de<\/a><\/p>\n\n\n\n<div style=\"height:20px\" aria-hidden=\"true\" class=\"wp-block-spacer\"><\/div>\n\n\n\n<p><strong>Lengenfeld<\/strong><br>Reichenbacher Str. 39<br>08485 Lengenfeld<br><br>Damaris Plietzsch<br><i class=\"wp-svg-phone phone\"><\/i> 037606 39-340<br><i class=\"wp-svg-envelop envelop\"><\/i> <a href=\"mailto:dp@pscherer-online.de\">dp@pscherer-online.de<\/a><br><br><br>Weitere Informationen finde Sie auf der Webseite des <a href=\"https:\/\/grundbildung-vogtland.de\/\">Grundbildungszentrums Vogtland<\/a>.<\/p>\n<\/div>\n<\/div>\n\n\n\n<a href=\"javascript:history.back();\"><i class=\"wp-svg-backward-2 backward-2\"><\/i> zur\u00fcck zu den Angeboten<\/a>\n\n\n\n<div style=\"font-size:12px\" align=\"right\">Bildrechte:<br>\nProjektfoto: <a href=\"http:\/\/www.pixybay.com\">Pixabay<\/a>\n<\/div>\n\n\n\n<p><\/p>\n","protected":false},"excerpt":{"rendered":"<p>Grundbildungszentrum Vogtland F\u00f6rderung Im Rahmen des EFS gef\u00f6rderten Projektes Grundbildungszentrum Vogtland werden f\u00fcr gering literalisierte Erwachsene Angebote zur Alphabetisierung und Grundbildung geschaffen. Dazu geh\u00f6ren einerseits spezifische Kurse f\u00fcr Erwachsene zur Verbesserung der<a class=\"moretag\" href=\"https:\/\/pscherer-online.de\/wp\/?page_id=4710\">mehr anzeigen&#8230;<\/a><\/p>\n","protected":false},"author":1,"featured_media":0,"parent":141,"menu_order":0,"comment_status":"closed","ping_status":"closed","template":"page-sidebar.php","meta":{"footnotes":""},"class_list":["post-4710","page","type-page","status-publish","hentry"],"_links":{"self":[{"href":"https:\/\/pscherer-online.de\/wp\/index.php?rest_route=\/wp\/v2\/pages\/4710","targetHints":{"allow":["GET"]}}],"collection":[{"href":"https:\/\/pscherer-online.de\/wp\/index.php?rest_route=\/wp\/v2\/pages"}],"about":[{"href":"https:\/\/pscherer-online.de\/wp\/index.php?rest_route=\/wp\/v2\/types\/page"}],"author":[{"embeddable":true,"href":"https:\/\/pscherer-online.de\/wp\/index.php?rest_route=\/wp\/v2\/users\/1"}],"replies":[{"embeddable":true,"href":"https:\/\/pscherer-online.de\/wp\/index.php?rest_route=%2Fwp%2Fv2%2Fcomments&post=4710"}],"version-history":[{"count":10,"href":"https:\/\/pscherer-online.de\/wp\/index.php?rest_route=\/wp\/v2\/pages\/4710\/revisions"}],"predecessor-version":[{"id":5750,"href":"https:\/\/pscherer-online.de\/wp\/index.php?rest_route=\/wp\/v2\/pages\/4710\/revisions\/5750"}],"up":[{"embeddable":true,"href":"https:\/\/pscherer-online.de\/wp\/index.php?rest_route=\/wp\/v2\/pages\/141"}],"wp:attachment":[{"href":"https:\/\/pscherer-online.de\/wp\/index.php?rest_route=%2Fwp%2Fv2%2Fmedia&parent=4710"}],"curies":[{"name":"wp","href":"https:\/\/api.w.org\/{rel}","templated":true}]}}