{"id":4684,"date":"2024-07-23T09:24:39","date_gmt":"2024-07-23T07:24:39","guid":{"rendered":"https:\/\/pscherer-online.de\/wp\/?page_id=4684"},"modified":"2026-03-10T12:12:52","modified_gmt":"2026-03-10T11:12:52","slug":"angebote-fuer-arbeitsuchende-tandem-erzgebirge","status":"publish","type":"page","link":"https:\/\/pscherer-online.de\/wp\/?page_id=4684","title":{"rendered":"Angebote f\u00fcr Arbeitsuchende &#8211; TANDEM Erzgebirge"},"content":{"rendered":"\n<h2 class=\"wp-block-heading\">Tandem Erzgebirge<\/h2>\n\n\n\n<h2 class=\"wp-block-heading has-medium-font-size\">individuell \u2013 zielgerichtet \u2013 effektiv<\/h2>\n\n\n\n<div class=\"wp-block-columns is-layout-flex wp-container-core-columns-is-layout-9d6595d7 wp-block-columns-is-layout-flex\">\n<div class=\"wp-block-column is-layout-flow wp-block-column-is-layout-flow\">\n<p class=\"has-medium-font-size\"><strong>F\u00f6rderung<\/strong><\/p>\n\n\n\n<figure class=\"wp-block-image size-full\"><img loading=\"lazy\" decoding=\"async\" width=\"1133\" height=\"163\" src=\"https:\/\/pscherer-online.de\/wp\/wp-content\/uploads\/2023\/09\/Logoleiste_TANDEM_neu.jpg\" alt=\"\" class=\"wp-image-4291\"\/><\/figure>\n\n\n\n<p>Ziel des Projektes ist es, durch eine besch\u00e4ftigungsorientierte Familienf\u00f6rderung die gesellschaftliche Teilhabe aller Familienmitglieder zu erm\u00f6glichen. Im Fokus steht die ganzheitliche Unterst\u00fctzung und Begleitung der gesamten Familie als Bedarfsgemeinschaft. Angesprochen werden langzeitarbeitslose Elternpaare und Alleinerziehende mit ihren, in einer Bedarfsgemeinschaft lebenden, Kindern. Jedes Familienmitglied wird hierbei individuell, im Sinne von Bildung, Integration in Ausbildung und\/oder Besch\u00e4ftigung, unterst\u00fctzt und gef\u00f6rdert.<\/p>\n\n\n\n<p>In Zusammenarbeit mit den zust\u00e4ndigen regionalen Beratungs- und Unterst\u00fctzungseinrichtungen k\u00f6nnen teilnehmende Bedarfsgemeinschaften eine besch\u00e4ftigungsorientierte Familienf\u00f6rderung erhalten.<br>Bei entsprechender Mitwirkung der Bedarfsgemeinschaft ist au\u00dferdem ein Einsatz von Erg\u00e4nzungsleistungen f\u00fcr familienunterst\u00fctzende Ma\u00dfnahmen m\u00f6glich.<\/p>\n\n\n\n<p>Bei R\u00fcckfragen wenden Sie sich bitte an nebenstehenden Kontakte.<\/p>\n\n\n\n<p><\/p>\n\n\n\n<p class=\"has-medium-font-size\"><strong>Laufzeit<\/strong><\/p>\n\n\n\n<p>01.05.2024 bis 30.04.2027<\/p>\n\n\n\n<p class=\"has-medium-font-size\"><strong>Ziele und Inhalte<\/strong><\/p>\n\n\n\n<ul class=\"wp-block-list\">\n<li>Individuelle Begleitung und Beratung aller Familienmitglieder<\/li>\n\n\n\n<li>Unterst\u00fctzung bei Beh\u00f6rdeng\u00e4ngen, Beratungsgespr\u00e4chen, Kontakten mit Schule, Kindergarten u.v.m.<\/li>\n\n\n\n<li>Unterst\u00fctzung bei Freizeitangeboten f\u00fcr die ganze Familie<\/li>\n\n\n\n<li>Unterst\u00fctzung und Begleitung bez\u00fcglich der Arbeitsaufnahme<\/li>\n\n\n\n<li>Hilfestellung bei famili\u00e4ren Problemen<\/li>\n<\/ul>\n\n\n\n<p class=\"has-medium-font-size\"><strong>Zielgruppen<\/strong><\/p>\n\n\n\n<p>Bedarfsgemeinschaften im Erzgebirgskreis<\/p>\n\n\n\n<p class=\"has-medium-font-size\"><strong>Partner<\/strong><\/p>\n\n\n\n<ul class=\"wp-block-list\">\n<li>Jobcenter Erzgebirgskreis<\/li>\n\n\n\n<li>Jugendamt Erzgebirgskreis<\/li>\n<\/ul>\n\n\n\n<figure class=\"wp-block-image size-full\"><img loading=\"lazy\" decoding=\"async\" width=\"1115\" height=\"1041\" src=\"https:\/\/pscherer-online.de\/wp\/wp-content\/uploads\/2024\/07\/Grafik_TANDEM-Erzgebirge.jpg\" alt=\"\" class=\"wp-image-4689\"\/><\/figure>\n<\/div>\n\n\n\n<div class=\"wp-block-column is-layout-flow wp-block-column-is-layout-flow\" style=\"flex-basis:30%\">\n<figure class=\"wp-block-image size-full is-style-rounded\"><img loading=\"lazy\" decoding=\"async\" width=\"3419\" height=\"2160\" src=\"https:\/\/pscherer-online.de\/wp\/wp-content\/uploads\/2024\/07\/Logo_ETANDEM_2024.jpg\" alt=\"\" class=\"wp-image-4685\"\/><\/figure>\n\n\n\n<p class=\"has-medium-font-size\"><strong>Kontakt<\/strong><\/p>\n\n\n\n<p>Lotsenb\u00fcro Schwarzenberg, c\/o IAJ gGmbH<br>Elterleiner Stra\u00dfe 14<br>08340 Schwarzenberg<br><br>Damaris Plietzsch<br><i class=\"wp-svg-phone phone\"><\/i> 037606 39-340<br><i class=\"wp-svg-envelop envelop\"><\/i> <a href=\"mailto:dp@pscherer-online.de\">dp@pscherer-online.de<\/a><\/p>\n\n\n\n<p>Jan R\u00f6hrer<br><i class=\"wp-svg-phone phone\"><\/i> 0371 52039-637<br><i class=\"wp-svg-envelop envelop\"><\/i> <a href=\"mailto:jr@pscherer-online.de\">jr@pscherer-online.de<\/a><\/p>\n\n\n\n<p class=\"has-medium-font-size\"><strong>Downloads<\/strong><\/p>\n\n\n\n<p style=\"font-size:15px\"><i class=\"wp-svg-file-pdf file-pdf\"><\/i> <a href=\"https:\/\/pscherer-online.de\/wp\/wp-content\/uploads\/2024\/07\/2024_04_08_ETANDEM_Flyer_Schwarzenberg.pdf\">Flyer TANDEM Erzgebirge<\/a><\/p>\n<\/div>\n<\/div>\n\n\n\n<a href=\"javascript:history.back();\"><i class=\"wp-svg-backward-2 backward-2\"><\/i> zur\u00fcck zu den Angeboten<\/a>\n\n\n\n<div style=\"font-size:12px\" align=\"right\">Bildrechte:<br>\nProjektfoto: <a href=\"http:\/\/www.pixybay.com\">Pixabay<\/a>\n<\/div>\n\n\n\n<p><\/p>\n","protected":false},"excerpt":{"rendered":"<p>Tandem Erzgebirge individuell \u2013 zielgerichtet \u2013 effektiv F\u00f6rderung Ziel des Projektes ist es, durch eine besch\u00e4ftigungsorientierte Familienf\u00f6rderung die gesellschaftliche Teilhabe aller Familienmitglieder zu erm\u00f6glichen. Im Fokus steht die ganzheitliche Unterst\u00fctzung und Begleitung<a class=\"moretag\" href=\"https:\/\/pscherer-online.de\/wp\/?page_id=4684\">mehr anzeigen&#8230;<\/a><\/p>\n","protected":false},"author":1,"featured_media":0,"parent":141,"menu_order":0,"comment_status":"closed","ping_status":"closed","template":"page-sidebar.php","meta":{"footnotes":""},"class_list":["post-4684","page","type-page","status-publish","hentry"],"_links":{"self":[{"href":"https:\/\/pscherer-online.de\/wp\/index.php?rest_route=\/wp\/v2\/pages\/4684","targetHints":{"allow":["GET"]}}],"collection":[{"href":"https:\/\/pscherer-online.de\/wp\/index.php?rest_route=\/wp\/v2\/pages"}],"about":[{"href":"https:\/\/pscherer-online.de\/wp\/index.php?rest_route=\/wp\/v2\/types\/page"}],"author":[{"embeddable":true,"href":"https:\/\/pscherer-online.de\/wp\/index.php?rest_route=\/wp\/v2\/users\/1"}],"replies":[{"embeddable":true,"href":"https:\/\/pscherer-online.de\/wp\/index.php?rest_route=%2Fwp%2Fv2%2Fcomments&post=4684"}],"version-history":[{"count":5,"href":"https:\/\/pscherer-online.de\/wp\/index.php?rest_route=\/wp\/v2\/pages\/4684\/revisions"}],"predecessor-version":[{"id":5754,"href":"https:\/\/pscherer-online.de\/wp\/index.php?rest_route=\/wp\/v2\/pages\/4684\/revisions\/5754"}],"up":[{"embeddable":true,"href":"https:\/\/pscherer-online.de\/wp\/index.php?rest_route=\/wp\/v2\/pages\/141"}],"wp:attachment":[{"href":"https:\/\/pscherer-online.de\/wp\/index.php?rest_route=%2Fwp%2Fv2%2Fmedia&parent=4684"}],"curies":[{"name":"wp","href":"https:\/\/api.w.org\/{rel}","templated":true}]}}