{"id":4454,"date":"2024-02-05T08:55:44","date_gmt":"2024-02-05T07:55:44","guid":{"rendered":"https:\/\/pscherer-online.de\/wp\/?page_id=4454"},"modified":"2026-03-10T12:13:17","modified_gmt":"2026-03-10T11:13:17","slug":"angebote-fuer-arbeitsuchende-tandem-zwickau","status":"publish","type":"page","link":"https:\/\/pscherer-online.de\/wp\/?page_id=4454","title":{"rendered":"Angebote f\u00fcr Arbeitsuchende &#8211; TANDEM Zwickau"},"content":{"rendered":"\n<h2 class=\"wp-block-heading\">Tandem Zwickau<\/h2>\n\n\n\n<h2 class=\"wp-block-heading has-medium-font-size\">individuell \u2013 zielgerichtet \u2013 effektiv<\/h2>\n\n\n\n<div class=\"wp-block-columns is-layout-flex wp-container-core-columns-is-layout-9d6595d7 wp-block-columns-is-layout-flex\">\n<div class=\"wp-block-column is-layout-flow wp-block-column-is-layout-flow\">\n<p class=\"has-medium-font-size\"><strong>F\u00f6rderung<\/strong><\/p>\n\n\n\n<figure class=\"wp-block-image size-full\"><img loading=\"lazy\" decoding=\"async\" width=\"1133\" height=\"163\" src=\"https:\/\/pscherer-online.de\/wp\/wp-content\/uploads\/2023\/09\/Logoleiste_TANDEM_neu.jpg\" alt=\"\" class=\"wp-image-4291\"\/><\/figure>\n\n\n\n<p>Ziel des Projektes ist es, durch eine besch\u00e4ftigungsorientierte Familienf\u00f6rderung die gesellschaftliche Teilhabe aller Familienmitglieder zu erm\u00f6glichen. Im Fokus steht die ganzheitliche Unterst\u00fctzung und Begleitung der gesamten Familie als Bedarfsgemeinschaft. Angesprochen werden langzeitarbeitslose Elternpaare und Alleinerziehende mit ihren, in einer Bedarfsgemeinschaft lebenden, Kindern. Jedes Familienmitglied wird hierbei individuell, im Sinne von Bildung, Integration in Ausbildung und\/oder Besch\u00e4ftigung, unterst\u00fctzt und gef\u00f6rdert.<\/p>\n\n\n\n<p>In Zusammenarbeit mit den zust\u00e4ndigen regionalen Beratungs- und Unterst\u00fctzungseinrichtungen k\u00f6nnen teilnehmende Bedarfsgemeinschaften eine besch\u00e4ftigungsorientierte Familienf\u00f6rderung erhalten.<br>Bei entsprechender Mitwirkung der Bedarfsgemeinschaft ist au\u00dferdem ein Einsatz von Erg\u00e4nzungsleistungen f\u00fcr familienunterst\u00fctzende Ma\u00dfnahmen m\u00f6glich.<\/p>\n\n\n\n<p>Bei R\u00fcckfragen wenden Sie sich bitte an nebenstehenden Kontakte.<\/p>\n\n\n\n<p><\/p>\n\n\n\n<p class=\"has-medium-font-size\"><strong>Laufzeit<\/strong><\/p>\n\n\n\n<p>01.02.2024 bis 31.01.2027<\/p>\n\n\n\n<p class=\"has-medium-font-size\"><strong>Ziele und Inhalte<\/strong><\/p>\n\n\n\n<ul class=\"wp-block-list\">\n<li>Individuelle Begleitung und Beratung aller Familienmitglieder<\/li>\n\n\n\n<li>Unterst\u00fctzung bei Beh\u00f6rdeng\u00e4ngen, Beratungsgespr\u00e4chen, Kontakten mit Schule, Kindergarten u.v.m.<\/li>\n\n\n\n<li>Unterst\u00fctzung bei Freizeitangeboten f\u00fcr die ganze Familie<\/li>\n\n\n\n<li>Unterst\u00fctzung und Begleitung bez\u00fcglich der Arbeitsaufnahme<\/li>\n\n\n\n<li>Hilfestellung bei famili\u00e4ren Problemen<\/li>\n<\/ul>\n\n\n\n<p class=\"has-medium-font-size\"><strong>Zielgruppen<\/strong><\/p>\n\n\n\n<p>Bedarfsgemeinschaften im Landkreis Zwickau<\/p>\n\n\n\n<p class=\"has-medium-font-size\"><strong>Partner<\/strong><\/p>\n\n\n\n<ul class=\"wp-block-list\">\n<li>Jobcenter Zwickau<\/li>\n\n\n\n<li>Jugendamt Landkreis Zwickau<\/li>\n<\/ul>\n<\/div>\n\n\n\n<div class=\"wp-block-column is-layout-flow wp-block-column-is-layout-flow\" style=\"flex-basis:30%\">\n<figure class=\"wp-block-image size-large is-style-rounded\"><img loading=\"lazy\" decoding=\"async\" width=\"1024\" height=\"646\" src=\"https:\/\/pscherer-online.de\/wp\/wp-content\/uploads\/2024\/02\/Logo_TANDEM-Zwickau_2023-1024x646.png\" alt=\"\" class=\"wp-image-4452\" srcset=\"https:\/\/pscherer-online.de\/wp\/wp-content\/uploads\/2024\/02\/Logo_TANDEM-Zwickau_2023-1024x646.png 1024w, https:\/\/pscherer-online.de\/wp\/wp-content\/uploads\/2024\/02\/Logo_TANDEM-Zwickau_2023-300x189.png 300w, https:\/\/pscherer-online.de\/wp\/wp-content\/uploads\/2024\/02\/Logo_TANDEM-Zwickau_2023-768x484.png 768w, https:\/\/pscherer-online.de\/wp\/wp-content\/uploads\/2024\/02\/Logo_TANDEM-Zwickau_2023-1536x968.png 1536w, https:\/\/pscherer-online.de\/wp\/wp-content\/uploads\/2024\/02\/Logo_TANDEM-Zwickau_2023.png 1710w\" sizes=\"auto, (max-width: 1024px) 100vw, 1024px\" \/><\/figure>\n\n\n\n<p class=\"has-medium-font-size\"><strong>Kontakt<\/strong><\/p>\n\n\n\n<p><strong>Zwickau<\/strong><br>Leipziger Stra\u00dfe 176<br>08058 Zwickau<br><br>Damaris Plietzsch<br><i class=\"wp-svg-phone phone\"><\/i> 037606 39-340<br><i class=\"wp-svg-envelop envelop\"><\/i> <a href=\"mailto:dp@pscherer-online.de\">dp@pscherer-online.de<\/a><\/p>\n\n\n\n<p>Toralf Beyerlein<br><i class=\"wp-svg-phone phone\"><\/i> 0375 27213957<br><i class=\"wp-svg-envelop envelop\"><\/i> <a href=\"mailto:tb@pscherer-online.de\">tb@pscherer-online.de<\/a><\/p>\n\n\n\n<p class=\"has-medium-font-size\"><strong>Downloads<\/strong><\/p>\n\n\n\n<p style=\"font-size:15px\"><i class=\"wp-svg-file-pdf file-pdf\"><\/i> <a href=\"https:\/\/pscherer-online.de\/wp\/wp-content\/uploads\/2024\/02\/2023_12_11_TANDEM-Zwickau_Flyer_Wickel_DINlang_6-seitig_2-komprimiert.pdf\">Flyer TANDEM Zwickau<\/a><\/p>\n<\/div>\n<\/div>\n\n\n\n<figure class=\"wp-block-image size-full\"><img loading=\"lazy\" decoding=\"async\" width=\"1115\" height=\"1041\" src=\"https:\/\/pscherer-online.de\/wp\/wp-content\/uploads\/2024\/02\/Grafik_TANDEM-Zwickau.jpg\" alt=\"\" class=\"wp-image-4459\"\/><\/figure>\n\n\n\n<a href=\"javascript:history.back();\"><i class=\"wp-svg-backward-2 backward-2\"><\/i> zur\u00fcck zu den Angeboten<\/a>\n\n\n\n<div style=\"font-size:12px\" align=\"right\">Bildrechte:<br>\nProjektfoto: <a href=\"http:\/\/www.pixybay.com\">Pixabay<\/a>\n<\/div>\n\n\n\n<p><\/p>\n","protected":false},"excerpt":{"rendered":"<p>Tandem Zwickau individuell \u2013 zielgerichtet \u2013 effektiv F\u00f6rderung Ziel des Projektes ist es, durch eine besch\u00e4ftigungsorientierte Familienf\u00f6rderung die gesellschaftliche Teilhabe aller Familienmitglieder zu erm\u00f6glichen. Im Fokus steht die ganzheitliche Unterst\u00fctzung und Begleitung<a class=\"moretag\" href=\"https:\/\/pscherer-online.de\/wp\/?page_id=4454\">mehr anzeigen&#8230;<\/a><\/p>\n","protected":false},"author":1,"featured_media":0,"parent":141,"menu_order":0,"comment_status":"closed","ping_status":"closed","template":"page-sidebar.php","meta":{"footnotes":""},"class_list":["post-4454","page","type-page","status-publish","hentry"],"_links":{"self":[{"href":"https:\/\/pscherer-online.de\/wp\/index.php?rest_route=\/wp\/v2\/pages\/4454","targetHints":{"allow":["GET"]}}],"collection":[{"href":"https:\/\/pscherer-online.de\/wp\/index.php?rest_route=\/wp\/v2\/pages"}],"about":[{"href":"https:\/\/pscherer-online.de\/wp\/index.php?rest_route=\/wp\/v2\/types\/page"}],"author":[{"embeddable":true,"href":"https:\/\/pscherer-online.de\/wp\/index.php?rest_route=\/wp\/v2\/users\/1"}],"replies":[{"embeddable":true,"href":"https:\/\/pscherer-online.de\/wp\/index.php?rest_route=%2Fwp%2Fv2%2Fcomments&post=4454"}],"version-history":[{"count":3,"href":"https:\/\/pscherer-online.de\/wp\/index.php?rest_route=\/wp\/v2\/pages\/4454\/revisions"}],"predecessor-version":[{"id":5755,"href":"https:\/\/pscherer-online.de\/wp\/index.php?rest_route=\/wp\/v2\/pages\/4454\/revisions\/5755"}],"up":[{"embeddable":true,"href":"https:\/\/pscherer-online.de\/wp\/index.php?rest_route=\/wp\/v2\/pages\/141"}],"wp:attachment":[{"href":"https:\/\/pscherer-online.de\/wp\/index.php?rest_route=%2Fwp%2Fv2%2Fmedia&parent=4454"}],"curies":[{"name":"wp","href":"https:\/\/api.w.org\/{rel}","templated":true}]}}