{"id":2874,"date":"2020-11-17T14:31:34","date_gmt":"2020-11-17T13:31:34","guid":{"rendered":"https:\/\/pscherer-online.de\/wp\/?page_id=2874"},"modified":"2026-04-20T10:32:13","modified_gmt":"2026-04-20T08:32:13","slug":"ueber-uns-beta","status":"publish","type":"page","link":"https:\/\/pscherer-online.de\/wp\/?page_id=2874","title":{"rendered":"\u00dcber uns"},"content":{"rendered":"<div class=\"wp-block-image is-style-default\">\n<figure class=\"aligncenter size-large is-resized\"><img loading=\"lazy\" decoding=\"async\" width=\"250\" height=\"123\" src=\"https:\/\/pscherer-online.de\/wp\/wp-content\/uploads\/2020\/07\/2020_02_05_\u00dcberschriften_Website_BIP-021-1.png\" alt=\"\" class=\"wp-image-2502\" style=\"width:260px\"\/><\/figure><\/div>\n\n\n<p>Seit 1990 ist das in Lengenfeld im Vogtland ans\u00e4ssige Bildungsinstitut PSCHERER auf den Gebieten der beruflichen Bildung, Beratung und Entwicklung erfolgreich t\u00e4tig. In dieser Zeit konnten eine Vielzahl an Ausbildungs- und Kompetenzbereichen aufgebaut werden, welche an den Standorten in Sachsen und Bayern durch unsere festen Mitarbeiterinnen und Mitarbeiter angeboten werden. Angefangen bei der Berufs- und Studienorientierung reichen unsere Leistungen von der beruflichen Weiterbildung, Neuorientierung und Reintegration bis hin zur Personal- und Organisationsentwicklung hinweg. Die Palette unserer Bildungsangebote richtet sich an alle Personen, die eine berufliche (Neu-)Orientierung oder soziale Integration anstreben, sowie Unternehmen und Kommunen, die zusammen mit ihren Mitarbeitern ihre zuk\u00fcnftige Bildung gestalten wollen.<\/p>\n\n\n\n<div style=\"height:50px\" aria-hidden=\"true\" class=\"wp-block-spacer\"><\/div>\n\n\n<div class=\"wp-block-image is-style-default\">\n<figure class=\"aligncenter size-large is-resized\"><img loading=\"lazy\" decoding=\"async\" width=\"250\" height=\"103\" src=\"https:\/\/pscherer-online.de\/wp\/wp-content\/uploads\/2020\/07\/2020_02_05_\u00dcberschriften_Website_BIP-Philosophie-e15928328614051-1.png\" alt=\"\" class=\"wp-image-2503\" style=\"width:242px\"\/><\/figure><\/div>\n\n\n<p>Gemeinsam arbeiten wir an Ihren Perspektiven. Unsere Motivation ist es, das berufliche Potential unserer Kundinnen und Kunden umfassend zu entwickeln und zu verbessern. Dabei steht der Mensch immer im Mittelpunkt unserer t\u00e4glichen Arbeit. Daran richten wir unser Tun und unser Handeln aus.<br>Als gemeinn\u00fctziger Bildungsdienstleister und als Arbeitgeber tragen wir soziale Verantwortung. Das bedeutet f\u00fcr unsere Mitarbeiterinnen und Mitarbeiter, gute Arbeitsbedingungen und aktive Mitgestaltung im Unternehmen zu schaffen. Das Ziel f\u00fcr unsere Teilnehmenden ist es, den selbstbestimmten Zugang zu beruflicher und gesellschaftlicher Teilhabe zu unterst\u00fctzen und zu f\u00f6rdern. Somit ermutigen wir unsere Kundinnen und Kunden neue Wege zu gehen und bilden sie dabei professionell und nachhaltig weiter. Der gegenseitige Respekt und die Wertsch\u00e4tzung sind die Grundlagen unserer Kommunikation und der gemeinsamen Arbeit.<\/p>\n\n\n\n<div style=\"height:50px\" aria-hidden=\"true\" class=\"wp-block-spacer\"><\/div>\n\n\n<div class=\"wp-block-image is-style-default\">\n<figure class=\"aligncenter size-large is-resized\"><img loading=\"lazy\" decoding=\"async\" width=\"300\" height=\"157\" src=\"https:\/\/pscherer-online.de\/wp\/wp-content\/uploads\/2020\/07\/2020_02_05_\u00dcberschriften_Website_BIP-Team-300x1571-2.png\" alt=\"\" class=\"wp-image-2504\" style=\"width:180px\"\/><\/figure><\/div>\n\n\n<p class=\"has-text-align-center has-medium-font-size\"><strong>Gesch\u00e4ftsleitung:<\/strong><\/p>\n\n\n\n<div style=\"height:50px\" aria-hidden=\"true\" class=\"wp-block-spacer\"><\/div>\n\n\n\n<div class=\"wp-block-media-text alignwide has-media-on-the-right is-stacked-on-mobile is-style-rounded\"><div class=\"wp-block-media-text__content\">\n<p class=\"has-text-align-right\"><strong>Herbert Pscherer<\/strong><br>Gesch\u00e4ftsf\u00fchrer<\/p>\n\n\n\n<p class=\"has-text-align-right\"><i class=\"wp-svg-phone phone\"><\/i> 037606 39-0<br><i class=\"wp-svg-envelop envelop\"><\/i> hp@pscherer-online.de<\/p>\n<\/div><figure class=\"wp-block-media-text__media\"><img loading=\"lazy\" decoding=\"async\" width=\"1024\" height=\"683\" src=\"https:\/\/pscherer-online.de\/wp\/wp-content\/uploads\/2020\/11\/Brennweite3-6-1024x683.jpg\" alt=\"\" class=\"wp-image-2876 size-full\" srcset=\"https:\/\/pscherer-online.de\/wp\/wp-content\/uploads\/2020\/11\/Brennweite3-6-1024x683.jpg 1024w, https:\/\/pscherer-online.de\/wp\/wp-content\/uploads\/2020\/11\/Brennweite3-6-300x200.jpg 300w, https:\/\/pscherer-online.de\/wp\/wp-content\/uploads\/2020\/11\/Brennweite3-6-768x512.jpg 768w, https:\/\/pscherer-online.de\/wp\/wp-content\/uploads\/2020\/11\/Brennweite3-6-1536x1024.jpg 1536w, https:\/\/pscherer-online.de\/wp\/wp-content\/uploads\/2020\/11\/Brennweite3-6.jpg 1539w\" sizes=\"auto, (max-width: 1024px) 100vw, 1024px\" \/><\/figure><\/div>\n\n\n\n<div class=\"wp-block-media-text alignwide is-stacked-on-mobile is-style-rounded\"><figure class=\"wp-block-media-text__media\"><img loading=\"lazy\" decoding=\"async\" width=\"1396\" height=\"931\" src=\"https:\/\/pscherer-online.de\/wp\/wp-content\/uploads\/2023\/11\/fps.jpg\" alt=\"\" class=\"wp-image-4316 size-full\"\/><\/figure><div class=\"wp-block-media-text__content\">\n<p class=\"has-text-align-left\"><strong>Frederik Pscherer<\/strong><br>Gesch\u00e4ftsf\u00fchrer,<br>Projekt- und Unternehmensentwicklung<\/p>\n\n\n\n<p class=\"has-text-align-left\"><i class=\"wp-svg-phone phone\"><\/i> 037606 39-0<br><i class=\"wp-svg-envelop envelop\"><\/i> fp@pscherer-online.de<\/p>\n<\/div><\/div>\n\n\n\n<div class=\"wp-block-media-text alignwide has-media-on-the-right is-stacked-on-mobile is-style-rounded\"><div class=\"wp-block-media-text__content\">\n<p class=\"has-text-align-right\"><strong>Simone Pscherer<\/strong><br>Prokuristin,<br>Leiterin Personalverwaltung<\/p>\n\n\n\n<p class=\"has-text-align-right\"><i class=\"wp-svg-phone phone\"><\/i> 037606 39-0<br><i class=\"wp-svg-envelop envelop\"><\/i> sps@pscherer-online.de<\/p>\n\n\n\n<p><\/p>\n<\/div><figure class=\"wp-block-media-text__media\"><img loading=\"lazy\" decoding=\"async\" width=\"1024\" height=\"683\" src=\"https:\/\/pscherer-online.de\/wp\/wp-content\/uploads\/2020\/11\/Brennweite3-9-1-1024x683.jpg\" alt=\"\" class=\"wp-image-2882 size-full\" srcset=\"https:\/\/pscherer-online.de\/wp\/wp-content\/uploads\/2020\/11\/Brennweite3-9-1-1024x683.jpg 1024w, https:\/\/pscherer-online.de\/wp\/wp-content\/uploads\/2020\/11\/Brennweite3-9-1-300x200.jpg 300w, https:\/\/pscherer-online.de\/wp\/wp-content\/uploads\/2020\/11\/Brennweite3-9-1-768x512.jpg 768w, https:\/\/pscherer-online.de\/wp\/wp-content\/uploads\/2020\/11\/Brennweite3-9-1.jpg 1459w\" sizes=\"auto, (max-width: 1024px) 100vw, 1024px\" \/><\/figure><\/div>\n\n\n\n<div class=\"wp-block-media-text alignwide is-stacked-on-mobile is-style-rounded\"><figure class=\"wp-block-media-text__media\"><img loading=\"lazy\" decoding=\"async\" width=\"1024\" height=\"682\" src=\"https:\/\/pscherer-online.de\/wp\/wp-content\/uploads\/2020\/11\/Brennweite3-19-1024x682.jpg\" alt=\"\" class=\"wp-image-2897 size-full\" srcset=\"https:\/\/pscherer-online.de\/wp\/wp-content\/uploads\/2020\/11\/Brennweite3-19-1024x682.jpg 1024w, https:\/\/pscherer-online.de\/wp\/wp-content\/uploads\/2020\/11\/Brennweite3-19-300x200.jpg 300w, https:\/\/pscherer-online.de\/wp\/wp-content\/uploads\/2020\/11\/Brennweite3-19-768x512.jpg 768w, https:\/\/pscherer-online.de\/wp\/wp-content\/uploads\/2020\/11\/Brennweite3-19.jpg 1448w\" sizes=\"auto, (max-width: 1024px) 100vw, 1024px\" \/><\/figure><div class=\"wp-block-media-text__content\">\n<p class=\"has-text-align-left\"><strong>Ute Gr\u00e4dtke<\/strong><br>Prokuristin<br>Leiterin SGB II \/ SGB III<\/p>\n\n\n\n<p class=\"has-text-align-left\"><i class=\"wp-svg-phone phone\"><\/i> 037606 39-0<br><i class=\"wp-svg-envelop envelop\"><\/i> ug@pscherer-online.de<\/p>\n<\/div><\/div>\n\n\n\n<div class=\"wp-block-media-text alignwide has-media-on-the-right is-stacked-on-mobile is-style-rounded\"><div class=\"wp-block-media-text__content\">\n<p class=\"has-text-align-right\"><strong>Bianca Benkert<\/strong><br>Prokuristin,<br>Leiterin Projektbereich<\/p>\n\n\n\n<p class=\"has-text-align-right\"><i class=\"wp-svg-phone phone\"><\/i> 037606 39-0<br><i class=\"wp-svg-envelop envelop\"><\/i> bb@pscherer-online.de<\/p>\n<\/div><figure class=\"wp-block-media-text__media\"><img loading=\"lazy\" decoding=\"async\" width=\"1024\" height=\"683\" src=\"https:\/\/pscherer-online.de\/wp\/wp-content\/uploads\/2020\/11\/Brennweite3-3-1024x683.jpg\" alt=\"\" class=\"wp-image-2893 size-full\" srcset=\"https:\/\/pscherer-online.de\/wp\/wp-content\/uploads\/2020\/11\/Brennweite3-3-1024x683.jpg 1024w, https:\/\/pscherer-online.de\/wp\/wp-content\/uploads\/2020\/11\/Brennweite3-3-300x200.jpg 300w, https:\/\/pscherer-online.de\/wp\/wp-content\/uploads\/2020\/11\/Brennweite3-3-768x512.jpg 768w, https:\/\/pscherer-online.de\/wp\/wp-content\/uploads\/2020\/11\/Brennweite3-3-1536x1024.jpg 1536w, https:\/\/pscherer-online.de\/wp\/wp-content\/uploads\/2020\/11\/Brennweite3-3.jpg 1555w\" sizes=\"auto, (max-width: 1024px) 100vw, 1024px\" \/><\/figure><\/div>\n\n\n\n<div class=\"wp-block-media-text alignwide is-stacked-on-mobile is-style-rounded\"><figure class=\"wp-block-media-text__media\"><img loading=\"lazy\" decoding=\"async\" width=\"768\" height=\"512\" src=\"https:\/\/pscherer-online.de\/wp\/wp-content\/uploads\/2026\/02\/DP_Website.png\" alt=\"\" class=\"wp-image-5718 size-full\" srcset=\"https:\/\/pscherer-online.de\/wp\/wp-content\/uploads\/2026\/02\/DP_Website.png 768w, https:\/\/pscherer-online.de\/wp\/wp-content\/uploads\/2026\/02\/DP_Website-300x200.png 300w\" sizes=\"auto, (max-width: 768px) 100vw, 768px\" \/><\/figure><div class=\"wp-block-media-text__content\">\n<p class=\"has-text-align-left\"><strong>Damaris Plietzsch<\/strong><br>Standortleiterin Plauen, <br>Qualit\u00e4tsmanagementbeauftragte<\/p>\n\n\n\n<p class=\"has-text-align-left\"><i class=\"wp-svg-phone phone\"><\/i> 037606 39-0<br><i class=\"wp-svg-envelop envelop\"><\/i> dp@pscherer-online.de<\/p>\n<\/div><\/div>\n\n\n\n<div class=\"wp-block-media-text alignwide has-media-on-the-right is-stacked-on-mobile is-style-rounded\"><div class=\"wp-block-media-text__content\">\n<p class=\"has-text-align-right\"><strong>Susan Gratzke<\/strong><br>Projektkoordinatorin GABI &#8211; Leipzig<\/p>\n\n\n\n<p class=\"has-text-align-right\"><i class=\"wp-svg-phone phone\"><\/i> 0341 23100419<br><i class=\"wp-svg-envelop envelop\"><\/i> sgr@pscherer-online.de<\/p>\n<\/div><figure class=\"wp-block-media-text__media\"><img loading=\"lazy\" decoding=\"async\" width=\"1024\" height=\"682\" src=\"https:\/\/pscherer-online.de\/wp\/wp-content\/uploads\/2020\/11\/Brennweite1-25-1024x682.jpg\" alt=\"\" class=\"wp-image-2923 size-full\" srcset=\"https:\/\/pscherer-online.de\/wp\/wp-content\/uploads\/2020\/11\/Brennweite1-25-1024x682.jpg 1024w, https:\/\/pscherer-online.de\/wp\/wp-content\/uploads\/2020\/11\/Brennweite1-25-300x200.jpg 300w, https:\/\/pscherer-online.de\/wp\/wp-content\/uploads\/2020\/11\/Brennweite1-25-768x512.jpg 768w, https:\/\/pscherer-online.de\/wp\/wp-content\/uploads\/2020\/11\/Brennweite1-25.jpg 1448w\" sizes=\"auto, (max-width: 1024px) 100vw, 1024px\" \/><\/figure><\/div>\n\n\n\n<div class=\"wp-block-media-text alignwide is-stacked-on-mobile is-style-rounded\"><figure class=\"wp-block-media-text__media\"><img loading=\"lazy\" decoding=\"async\" width=\"1024\" height=\"682\" src=\"https:\/\/pscherer-online.de\/wp\/wp-content\/uploads\/2020\/11\/Brennweite3-10-1024x682.jpg\" alt=\"\" class=\"wp-image-2894 size-full\" srcset=\"https:\/\/pscherer-online.de\/wp\/wp-content\/uploads\/2020\/11\/Brennweite3-10-1024x682.jpg 1024w, https:\/\/pscherer-online.de\/wp\/wp-content\/uploads\/2020\/11\/Brennweite3-10-300x200.jpg 300w, https:\/\/pscherer-online.de\/wp\/wp-content\/uploads\/2020\/11\/Brennweite3-10-768x512.jpg 768w, https:\/\/pscherer-online.de\/wp\/wp-content\/uploads\/2020\/11\/Brennweite3-10.jpg 1510w\" sizes=\"auto, (max-width: 1024px) 100vw, 1024px\" \/><\/figure><div class=\"wp-block-media-text__content\">\n<p class=\"has-text-align-left\"><strong>Holger Kr\u00e4mer<\/strong><br>Standortleiter Zwickau\/Chemnitz<\/p>\n\n\n\n<p class=\"has-text-align-left\"><i class=\"wp-svg-phone phone\"><\/i> 0375 2713945<br><i class=\"wp-svg-envelop envelop\"><\/i> hkr@pscherer-online.de<\/p>\n<\/div><\/div>\n\n\n\n<div class=\"wp-block-media-text alignwide has-media-on-the-right is-stacked-on-mobile is-style-rounded\"><div class=\"wp-block-media-text__content\">\n<p class=\"has-text-align-right\"><strong>Jessica Helbig<\/strong><br>Standortleiterin Marktredwitz\/Hof<\/p>\n\n\n\n<p class=\"has-text-align-right\"><i class=\"wp-svg-phone phone\"><\/i> 09231 5039193<br><i class=\"wp-svg-envelop envelop\"><\/i> jh@pscherer-online.de<\/p>\n<\/div><figure class=\"wp-block-media-text__media\"><img loading=\"lazy\" decoding=\"async\" width=\"1024\" height=\"683\" src=\"https:\/\/pscherer-online.de\/wp\/wp-content\/uploads\/2026\/01\/Jessica-Helbig-Website-1024x683.png\" alt=\"\" class=\"wp-image-5697 size-full\" srcset=\"https:\/\/pscherer-online.de\/wp\/wp-content\/uploads\/2026\/01\/Jessica-Helbig-Website-1024x683.png 1024w, https:\/\/pscherer-online.de\/wp\/wp-content\/uploads\/2026\/01\/Jessica-Helbig-Website-300x200.png 300w, https:\/\/pscherer-online.de\/wp\/wp-content\/uploads\/2026\/01\/Jessica-Helbig-Website-768x512.png 768w, https:\/\/pscherer-online.de\/wp\/wp-content\/uploads\/2026\/01\/Jessica-Helbig-Website.png 1152w\" sizes=\"auto, (max-width: 1024px) 100vw, 1024px\" \/><\/figure><\/div>\n\n\n\n<div style=\"height:100px\" aria-hidden=\"true\" class=\"wp-block-spacer\"><\/div>\n\n\n<div class=\"wp-block-image is-style-default\">\n<figure class=\"aligncenter size-large\"><img loading=\"lazy\" decoding=\"async\" width=\"250\" height=\"123\" src=\"https:\/\/pscherer-online.de\/wp\/wp-content\/uploads\/2020\/07\/2020_02_05_\u00dcberschriften_Website_BIP-051-1.png\" alt=\"\" class=\"wp-image-2500\"\/><\/figure><\/div>\n\n\n<div class=\"wp-block-cover\"><img loading=\"lazy\" decoding=\"async\" width=\"1920\" height=\"844\" class=\"wp-block-cover__image-background wp-image-2499\" alt=\"\" src=\"https:\/\/pscherer-online.de\/wp\/wp-content\/uploads\/2020\/07\/2019_11_11_Website_Standorte-uebersicht-1.jpg\" data-object-fit=\"cover\" srcset=\"https:\/\/pscherer-online.de\/wp\/wp-content\/uploads\/2020\/07\/2019_11_11_Website_Standorte-uebersicht-1.jpg 1920w, https:\/\/pscherer-online.de\/wp\/wp-content\/uploads\/2020\/07\/2019_11_11_Website_Standorte-uebersicht-1-300x132.jpg 300w, https:\/\/pscherer-online.de\/wp\/wp-content\/uploads\/2020\/07\/2019_11_11_Website_Standorte-uebersicht-1-1024x450.jpg 1024w, https:\/\/pscherer-online.de\/wp\/wp-content\/uploads\/2020\/07\/2019_11_11_Website_Standorte-uebersicht-1-768x338.jpg 768w, https:\/\/pscherer-online.de\/wp\/wp-content\/uploads\/2020\/07\/2019_11_11_Website_Standorte-uebersicht-1-1536x675.jpg 1536w\" sizes=\"auto, (max-width: 1920px) 100vw, 1920px\" \/><span aria-hidden=\"true\" class=\"wp-block-cover__background has-background-dim\"><\/span><div class=\"wp-block-cover__inner-container is-layout-flow wp-block-cover-is-layout-flow\">\n<p class=\"has-text-align-right has-normal-font-size\"><strong><span class=\"has-inline-color has-cyan-bluish-gray-color\">SACHSEN:<\/span><\/strong><br><a style=\"color:white\" href=\"?page_id=600\">Adorf<\/a><br><a style=\"color:white\" href=\"https:\/\/pscherer-online.de\/wp\/?page_id=1035\">Auerbach<\/a><br><a style=\"color:white\" href=\"https:\/\/pscherer-online.de\/wp\/?page_id=5007\" data-type=\"page\" data-id=\"5007\">Annaberg-Buchholz<\/a><br><a style=\"color:white\" href=\"?page_id=606\">Chemnitz<\/a><br><a style=\"color:white\" href=\"?page_id=103\">Lengenfeld<\/a><br><a style=\"color:white\" href=\"?page_id=608\">Leipzig<\/a><br><a style=\"color:white\" href=\"?page_id=616\">Plauen<\/a><br><a style=\"color:white\" href=\"https:\/\/pscherer-online.de\/wp\/?page_id=5000\" data-type=\"page\" data-id=\"5000\">Aue &#8211; Bad Schlema<\/a><br><a style=\"color:white\" href=\"?page_id=601\">Zwickau<\/a><br><br><strong><span class=\"has-inline-color has-cyan-bluish-gray-color\">BAYERN:<\/span><\/strong><br><a style=\"color:white\" href=\"?page_id=598\">Hof<\/a><br><a style=\"color:white\" href=\"?page_id=508\">Marktredwitz<\/a><\/p>\n<\/div><\/div>\n\n\n\n<div style=\"height:50px\" aria-hidden=\"true\" class=\"wp-block-spacer\"><\/div>\n\n\n<div class=\"wp-block-image is-style-default\">\n<figure class=\"aligncenter size-large is-resized\"><img loading=\"lazy\" decoding=\"async\" width=\"300\" height=\"108\" src=\"https:\/\/pscherer-online.de\/wp\/wp-content\/uploads\/2020\/07\/2020_02_05_\u00dcberschriften_Website_BIP-Engagements-300x1081-1.png\" alt=\"\" class=\"wp-image-2501\" style=\"width:277px\"\/><\/figure><\/div>\n\n\n<div class=\"wp-block-columns is-layout-flex wp-container-core-columns-is-layout-9d6595d7 wp-block-columns-is-layout-flex\">\n<div class=\"wp-block-column is-layout-flow wp-block-column-is-layout-flow\"><div class=\"wp-block-image is-resized is-style-default\">\n<figure class=\"aligncenter size-large\"><img decoding=\"async\" src=\"https:\/\/pscherer-online.de\/wp\/wp-content\/uploads\/2020\/07\/CEKOM_LO.jpg\" alt=\"\"\/><\/figure><\/div><\/div>\n\n\n\n<div class=\"wp-block-column is-layout-flow wp-block-column-is-layout-flow\"><div class=\"wp-block-image is-resized is-style-default\">\n<figure class=\"aligncenter size-large\"><img decoding=\"async\" src=\"https:\/\/pscherer-online.de\/wp\/wp-content\/uploads\/2020\/07\/LOGO_SOLARTEUR_96dpi.gif\" alt=\"\"\/><\/figure><\/div><\/div>\n\n\n\n<div class=\"wp-block-column is-vertically-aligned-center is-layout-flow wp-block-column-is-layout-flow\">\n<figure class=\"wp-block-image size-large is-resized is-style-default\"><img decoding=\"async\" src=\"https:\/\/pscherer-online.de\/wp\/wp-content\/uploads\/2020\/07\/das_v_sind_wir.png\" alt=\"\"\/><\/figure>\n\n\n\n<p><\/p>\n<\/div>\n<\/div>\n\n\n\n<div class=\"wp-block-columns is-layout-flex wp-container-core-columns-is-layout-9d6595d7 wp-block-columns-is-layout-flex\">\n<div class=\"wp-block-column is-layout-flow wp-block-column-is-layout-flow\"><div class=\"wp-block-image is-resized is-style-default\">\n<figure class=\"aligncenter size-large\"><img decoding=\"async\" src=\"https:\/\/pscherer-online.de\/wp\/wp-content\/uploads\/2020\/07\/vsbi-300x250.png\" alt=\"\"\/><\/figure><\/div><\/div>\n\n\n\n<div class=\"wp-block-column is-vertically-aligned-center is-layout-flow wp-block-column-is-layout-flow\"><div class=\"wp-block-image is-resized is-style-default\">\n<figure class=\"aligncenter size-large\"><img decoding=\"async\" src=\"https:\/\/pscherer-online.de\/wp\/wp-content\/uploads\/2020\/07\/e3-300x69.png\" alt=\"\"\/><\/figure><\/div>\n\n\n<p><\/p>\n<\/div>\n\n\n\n<div class=\"wp-block-column is-vertically-aligned-center is-layout-flow wp-block-column-is-layout-flow\">\n<figure class=\"wp-block-image size-large\"><img decoding=\"async\" src=\"https:\/\/pscherer-online.de\/wp\/wp-content\/uploads\/2024\/04\/Logo_Praxispartner.jpg\" alt=\"\"\/><\/figure>\n<\/div>\n<\/div>\n\n\n\n<div style=\"font-size:12px\" align=\"right\">Bildrechte:<br>\nHeaderbild: <a href=\"http:\/\/www.freepik.com\">Designed by master1305\/ Freepik<\/a> \n<\/div>\n","protected":false},"excerpt":{"rendered":"<p>Seit 1990 ist das in Lengenfeld im Vogtland ans\u00e4ssige Bildungsinstitut PSCHERER auf den Gebieten der beruflichen Bildung, Beratung und Entwicklung erfolgreich t\u00e4tig. In dieser Zeit konnten eine Vielzahl an Ausbildungs- und Kompetenzbereichen<a class=\"moretag\" href=\"https:\/\/pscherer-online.de\/wp\/?page_id=2874\">mehr anzeigen&#8230;<\/a><\/p>\n","protected":false},"author":1,"featured_media":0,"parent":0,"menu_order":0,"comment_status":"closed","ping_status":"closed","template":"page-sidebar.php","meta":{"footnotes":""},"class_list":["post-2874","page","type-page","status-publish","hentry"],"_links":{"self":[{"href":"https:\/\/pscherer-online.de\/wp\/index.php?rest_route=\/wp\/v2\/pages\/2874","targetHints":{"allow":["GET"]}}],"collection":[{"href":"https:\/\/pscherer-online.de\/wp\/index.php?rest_route=\/wp\/v2\/pages"}],"about":[{"href":"https:\/\/pscherer-online.de\/wp\/index.php?rest_route=\/wp\/v2\/types\/page"}],"author":[{"embeddable":true,"href":"https:\/\/pscherer-online.de\/wp\/index.php?rest_route=\/wp\/v2\/users\/1"}],"replies":[{"embeddable":true,"href":"https:\/\/pscherer-online.de\/wp\/index.php?rest_route=%2Fwp%2Fv2%2Fcomments&post=2874"}],"version-history":[{"count":54,"href":"https:\/\/pscherer-online.de\/wp\/index.php?rest_route=\/wp\/v2\/pages\/2874\/revisions"}],"predecessor-version":[{"id":5778,"href":"https:\/\/pscherer-online.de\/wp\/index.php?rest_route=\/wp\/v2\/pages\/2874\/revisions\/5778"}],"wp:attachment":[{"href":"https:\/\/pscherer-online.de\/wp\/index.php?rest_route=%2Fwp%2Fv2%2Fmedia&parent=2874"}],"curies":[{"name":"wp","href":"https:\/\/api.w.org\/{rel}","templated":true}]}}