{"id":2208,"date":"2020-07-09T13:58:35","date_gmt":"2020-07-09T11:58:35","guid":{"rendered":"http:\/\/pscherer-online.de\/wp\/?page_id=2208"},"modified":"2024-09-12T13:37:30","modified_gmt":"2024-09-12T11:37:30","slug":"angebote-fuer-unternehmen-kommunen-und-beschaeftigte-veupl","status":"publish","type":"page","link":"https:\/\/pscherer-online.de\/wp\/?page_id=2208","title":{"rendered":"Angebote f\u00fcr Unternehmen, Kommunen und Besch\u00e4ftigte &#8211; VEUPL"},"content":{"rendered":"\n<h2 class=\"wp-block-heading\">Vogtl\u00e4ndischer Energie- und Umweltpark Lengenfeld<\/h2>\n\n\n\n<div class=\"wp-block-columns is-layout-flex wp-container-core-columns-is-layout-9d6595d7 wp-block-columns-is-layout-flex\">\n<div class=\"wp-block-column is-layout-flow wp-block-column-is-layout-flow\">\n<p>Ein zukunftsweisendes Projekt des Bildungsinstituts PSCHERER ist der &#8222;Vogtl\u00e4ndische Energie- und Umweltpark Lengenfeld&#8220; (VEUPL). Finanziert aus Mitteln des Europ\u00e4ischen Fonds f\u00fcr regionale Entwicklung (EFRE) und des Freistaats Sachsen besteht bereits seit Ende der 90er Jahre ein f\u00fcr die Region einmaliges Lehr-, Demonstrations- und Anwenderzentrum f\u00fcr Geb\u00e4udetechnik, Energie, Umwelt, Werkstoffe, Biotechnologie, sowie Informations- und Kommunikationstechnologien, das seither einer permanenten Weiterentwickelung unterliegt. Anschaulich wird hier auch der Einsatz alternativer Natur- und Recyclingbaustoffe und erneuerbarer Energien pr\u00e4sentiert.<\/p>\n\n\n\n<p>Der VEUPL bietet praxisnah \u201eBildung zum Anfassen\u201c, dazu stehen verschiedene Labors und Fachkabinette mit innovativer Geb\u00e4udetechnik, modern ausgestattete Schulungsr\u00e4ume und ein Musterhaus \u201eBaustoffe aus nachwachsenden Rohstoffen\u201c (Begehbar \u2013 Ma\u00dfstab 1:1!) mit einer umfangreichen Produktausstellung zur Verf\u00fcgung.<\/p>\n\n\n\n<p>F\u00fcr Mitarbeiter aus Wirtschaft und Verwaltung werden Bildungs- und Know-How-Transferma\u00dfnahmen angeboten und realisiert, mit denen Kenntnisse zu Energie- und Ressourceneffizienz, Nachhaltigkeit, Kreislaufwirtschaft und damit f\u00fcr zukunftsorientierte Wirtschaftlichkeit vermittelt werden.<\/p>\n\n\n\n<p class=\"has-medium-font-size\"><strong>Kerninhalte<\/strong><\/p>\n\n\n\n<ul class=\"wp-block-list\">\n<li>Energieeffizienz und Einsatz erneuerbare Energien<\/li>\n\n\n\n<li>nachwachsende Rohstoffe und Naturbaustoffe<\/li>\n\n\n\n<li>Materialrecycling<\/li>\n\n\n\n<li>Information und Kommunikation<\/li>\n<\/ul>\n\n\n\n<p class=\"has-medium-font-size\"><strong>Zielgruppen<\/strong><\/p>\n\n\n\n<ul class=\"wp-block-list\">\n<li>Mitarbeiter und F\u00fchrungskr\u00e4fte aus kommunalen Einrichtungen<\/li>\n\n\n\n<li>Fach- und F\u00fchrungskr\u00e4fte aus Unternehmen<\/li>\n\n\n\n<li>Sch\u00fcler und Studenten (Projekttage)<\/li>\n<\/ul>\n\n\n\n<p><!--<p>F\u00fcr aktuelle Inhalte und Informationen besuchen Sie unsere <a href=\"https:\/\/www.facebook.com\/Vogtl\u00e4ndischer-Energie-und-Umweltpark-VEUPL-1497988537133495\" target=\"_blank\" rel=\"noopener noreferrer\"><b><i class=\"wp-svg-facebook-2 facebook-2\"><\/i> Facebook-Seite<\/b><\/a><br>des Vogtl\u00e4ndischen Energie und Umweltparks!<\/p>--><\/p>\n\n\n\n<p><\/p>\n<\/div>\n\n\n\n<div class=\"wp-block-column is-layout-flow wp-block-column-is-layout-flow\" style=\"flex-basis:5%\"><\/div>\n\n\n\n<div class=\"wp-block-column is-layout-flow wp-block-column-is-layout-flow\" style=\"flex-basis:30%\">\n<figure class=\"wp-block-image size-large\"><img loading=\"lazy\" decoding=\"async\" width=\"200\" height=\"79\" src=\"http:\/\/pscherer-online.de\/wp\/wp-content\/uploads\/2020\/07\/logo-veupl.jpg\" alt=\"\" class=\"wp-image-1977\"\/><\/figure>\n\n\n\n<p class=\"has-medium-font-size\"><strong>Kontakt<\/strong><\/p>\n\n\n\n<p><strong>Lengenfeld<\/strong><br>Reichenbacher Str. 39<br>08485 Lengenfeld<br>Frederik Pscherer<br><i class=\"wp-svg-phone phone\"><\/i> 037606 39-160<br><i class=\"wp-svg-envelop envelop\"><\/i> <a href=\"mailto:fp@pscherer-online.de\">fp@pscherer-online.de<\/a><br><br>Stefan Breymann<br><i class=\"wp-svg-phone phone\"><\/i> 037606 39-330<br><i class=\"wp-svg-envelop envelop\"><\/i> <a href=\"mailto:sbr@pscherer-online.de\">sbr@pscherer-online.de<\/a><\/p>\n<\/div>\n<\/div>\n\n\n\n<figure class=\"wp-block-image size-large is-style-default\"><img loading=\"lazy\" decoding=\"async\" width=\"908\" height=\"221\" src=\"http:\/\/pscherer-online.de\/wp\/wp-content\/uploads\/2020\/07\/LOGO_SOLARTEUR_96dpi.gif\" alt=\"\" class=\"wp-image-1726\"\/><\/figure>\n","protected":false},"excerpt":{"rendered":"<p>Vogtl\u00e4ndischer Energie- und Umweltpark Lengenfeld Ein zukunftsweisendes Projekt des Bildungsinstituts PSCHERER ist der &#8222;Vogtl\u00e4ndische Energie- und Umweltpark Lengenfeld&#8220; (VEUPL). Finanziert aus Mitteln des Europ\u00e4ischen Fonds f\u00fcr regionale Entwicklung (EFRE) und des Freistaats<a class=\"moretag\" href=\"https:\/\/pscherer-online.de\/wp\/?page_id=2208\">mehr anzeigen&#8230;<\/a><\/p>\n","protected":false},"author":1,"featured_media":0,"parent":141,"menu_order":0,"comment_status":"closed","ping_status":"closed","template":"page-sidebar.php","meta":{"footnotes":""},"class_list":["post-2208","page","type-page","status-publish","hentry"],"_links":{"self":[{"href":"https:\/\/pscherer-online.de\/wp\/index.php?rest_route=\/wp\/v2\/pages\/2208","targetHints":{"allow":["GET"]}}],"collection":[{"href":"https:\/\/pscherer-online.de\/wp\/index.php?rest_route=\/wp\/v2\/pages"}],"about":[{"href":"https:\/\/pscherer-online.de\/wp\/index.php?rest_route=\/wp\/v2\/types\/page"}],"author":[{"embeddable":true,"href":"https:\/\/pscherer-online.de\/wp\/index.php?rest_route=\/wp\/v2\/users\/1"}],"replies":[{"embeddable":true,"href":"https:\/\/pscherer-online.de\/wp\/index.php?rest_route=%2Fwp%2Fv2%2Fcomments&post=2208"}],"version-history":[{"count":21,"href":"https:\/\/pscherer-online.de\/wp\/index.php?rest_route=\/wp\/v2\/pages\/2208\/revisions"}],"predecessor-version":[{"id":4784,"href":"https:\/\/pscherer-online.de\/wp\/index.php?rest_route=\/wp\/v2\/pages\/2208\/revisions\/4784"}],"up":[{"embeddable":true,"href":"https:\/\/pscherer-online.de\/wp\/index.php?rest_route=\/wp\/v2\/pages\/141"}],"wp:attachment":[{"href":"https:\/\/pscherer-online.de\/wp\/index.php?rest_route=%2Fwp%2Fv2%2Fmedia&parent=2208"}],"curies":[{"name":"wp","href":"https:\/\/api.w.org\/{rel}","templated":true}]}}