{"id":2163,"date":"2020-07-09T12:24:02","date_gmt":"2020-07-09T10:24:02","guid":{"rendered":"http:\/\/pscherer-online.de\/wp\/?page_id=2163"},"modified":"2026-02-03T13:40:38","modified_gmt":"2026-02-03T12:40:38","slug":"angebote-fuer-migranten-und-fluechtlinge-sprachkurse","status":"publish","type":"page","link":"https:\/\/pscherer-online.de\/wp\/?page_id=2163","title":{"rendered":"Angebote f\u00fcr Migranten und Fl\u00fcchtlinge &#8211; SPRACHKURSE"},"content":{"rendered":"\n<h2 class=\"wp-block-heading\"><\/h2>\n\n\n\n<div class=\"wp-block-columns is-layout-flex wp-container-core-columns-is-layout-9d6595d7 wp-block-columns-is-layout-flex\">\n<div class=\"wp-block-column is-layout-flow wp-block-column-is-layout-flow\">\n<p><\/p>\n\n\n\n<p>An den Standorten Marktredwitz, Hof, Lengenfeld und Zwickau bieten wir folgende Kursarten an:<\/p>\n\n\n\n<ul class=\"wp-block-list\">\n<li>Allgemeine Integrationskurs<\/li>\n\n\n\n<li>Alphabetisierungskurse<\/li>\n\n\n\n<li>Zweitschriftlernerkurse<\/li>\n\n\n\n<li>Integrationskurse f\u00fcr Eltern<\/li>\n\n\n\n<li>Integrationskurse f\u00fcr junge Erwachsene<\/li>\n\n\n\n<li>Berufssprachkurse<\/li>\n<\/ul>\n\n\n\n<p><\/p>\n\n\n\n<p class=\"has-medium-font-size\"><strong>Aktuelle Kurs\u00fcbersicht<\/strong>:<\/p>\n\n\n\n<p>Am <strong>Standort Marktredwitz<\/strong> (Kontakt unter <a href=\"mailto:marktredwitz@pscherer-online.de\">marktredwitz@pscherer-online.de<\/a> oder 09231 5039193)<\/p>\n\n\n<ul class=\"ecs-event-list\"><li class=\"ecs-event integrationskurse-marktredwitz_ecs_category\"><h4 class=\"entry-title summary\"><a href=\"https:\/\/pscherer-online.de\/wp\/?tribe_events=allgemeiner-integrationskurs-mikd25-2\" rel=\"bookmark\">Allgemeiner Integrationskurs MIKD25\/2<\/a><\/h4><span class=\"duration time\"><span class=\"tribe-event-date-start\">28. April 2025<\/span> - <span class=\"tribe-event-date-end\">12. M\u00e4rz 2026<\/span><\/span><span class=\"duration venue\"><em> |  <\/em>Au\u00dfenstelle Marktredwitz<\/span><\/li><li class=\"ecs-event integrationskurse-marktredwitz_ecs_category\"><h4 class=\"entry-title summary\"><a href=\"https:\/\/pscherer-online.de\/wp\/?tribe_events=allgemeiner-integrationskurs-mikd25-3\" rel=\"bookmark\">Allgemeiner Integrationskurs MIKD25\/3<\/a><\/h4><span class=\"duration time\"><span class=\"tribe-event-date-start\">30. Juni 2025<\/span> - <span class=\"tribe-event-date-end\">16. Juli 2026<\/span><\/span><span class=\"duration venue\"><em> |  <\/em>Au\u00dfenstelle Marktredwitz<\/span><\/li><li class=\"ecs-event integrationskurse-marktredwitz_ecs_category\"><h4 class=\"entry-title summary\"><a href=\"https:\/\/pscherer-online.de\/wp\/?tribe_events=berufssprachkurs-a2-mbsf23-3\" rel=\"bookmark\">Integrationskurs f\u00fcr Eltern MIKD25\/1<\/a><\/h4><span class=\"duration time\"><span class=\"tribe-event-date-start\">13. Januar 2025<\/span> - <span class=\"tribe-event-date-end\">18. Juni 2026<\/span><\/span><span class=\"duration venue\"><em> |  <\/em>Au\u00dfenstelle Marktredwitz<\/span><\/li><\/ul><script type=\"application\/ld+json\">\r\n[{\"@context\":\"http:\/\/schema.org\",\"@type\":\"Event\",\"name\":\"Allgemeiner Integrationskurs MIKD25\/2\",\"description\":\"\",\"url\":\"https:\/\/pscherer-online.de\/wp\/?tribe_events=allgemeiner-integrationskurs-mikd25-2\",\"eventAttendanceMode\":\"https:\/\/schema.org\/OfflineEventAttendanceMode\",\"eventStatus\":\"https:\/\/schema.org\/EventScheduled\",\"startDate\":\"2025-04-28T00:00:00+02:00\",\"endDate\":\"2026-03-12T23:59:59+01:00\",\"location\":{\"@type\":\"Place\",\"name\":\"Au\\u00dfenstelle Marktredwitz\",\"description\":\"\",\"url\":\"\",\"address\":{\"@type\":\"PostalAddress\",\"streetAddress\":\"Lindenstra\\u00dfe 2\",\"addressLocality\":\"Marktredwitz\",\"postalCode\":\"95615\",\"addressCountry\":\"Deutschland\"},\"telephone\":\"09231 5039193\",\"sameAs\":\"\"},\"performer\":\"Organization\"},{\"@context\":\"http:\/\/schema.org\",\"@type\":\"Event\",\"name\":\"Allgemeiner Integrationskurs MIKD25\/3\",\"description\":\"\",\"url\":\"https:\/\/pscherer-online.de\/wp\/?tribe_events=allgemeiner-integrationskurs-mikd25-3\",\"eventAttendanceMode\":\"https:\/\/schema.org\/OfflineEventAttendanceMode\",\"eventStatus\":\"https:\/\/schema.org\/EventScheduled\",\"startDate\":\"2025-06-30T00:00:00+02:00\",\"endDate\":\"2026-07-16T23:59:59+02:00\",\"location\":{\"@type\":\"Place\",\"name\":\"Au\\u00dfenstelle Marktredwitz\",\"description\":\"\",\"url\":\"\",\"address\":{\"@type\":\"PostalAddress\",\"streetAddress\":\"Lindenstra\\u00dfe 2\",\"addressLocality\":\"Marktredwitz\",\"postalCode\":\"95615\",\"addressCountry\":\"Deutschland\"},\"telephone\":\"09231 5039193\",\"sameAs\":\"\"},\"performer\":\"Organization\"},{\"@context\":\"http:\/\/schema.org\",\"@type\":\"Event\",\"name\":\"Integrationskurs f\\u00fcr Eltern MIKD25\/1\",\"description\":\"\",\"url\":\"https:\/\/pscherer-online.de\/wp\/?tribe_events=berufssprachkurs-a2-mbsf23-3\",\"eventAttendanceMode\":\"https:\/\/schema.org\/OfflineEventAttendanceMode\",\"eventStatus\":\"https:\/\/schema.org\/EventScheduled\",\"startDate\":\"2025-01-13T00:00:00+01:00\",\"endDate\":\"2026-06-18T23:59:59+02:00\",\"location\":{\"@type\":\"Place\",\"name\":\"Au\\u00dfenstelle Marktredwitz\",\"description\":\"\",\"url\":\"\",\"address\":{\"@type\":\"PostalAddress\",\"streetAddress\":\"Lindenstra\\u00dfe 2\",\"addressLocality\":\"Marktredwitz\",\"postalCode\":\"95615\",\"addressCountry\":\"Deutschland\"},\"telephone\":\"09231 5039193\",\"sameAs\":\"\"},\"performer\":\"Organization\"}]\r\n<\/script><!--\n Event listing powered by The Events Calendar Shortcode\n https:\/\/eventcalendarnewsletter.com\/the-events-calendar-shortcode\/ \n-->\n\n\n\n<p><br><br>Am <strong>Standort Hof<\/strong> (Kontakt unter <a href=\"mailto:hof@pscherer-online.de\">hof@pscherer-online.de<\/a> oder 09281 1406523)<\/p>\n\n\n<ul class=\"ecs-event-list\"><li class=\"ecs-event integrationskurse-hof_ecs_category\"><h4 class=\"entry-title summary\"><a href=\"https:\/\/pscherer-online.de\/wp\/?tribe_events=allgemeiner-integrationskurs-mhikd25-3\" rel=\"bookmark\">Allgemeiner Integrationskurs MHIKD25\/3<\/a><\/h4><span class=\"duration time\"><span class=\"tribe-event-date-start\">26. Mai 2025<\/span> - <span class=\"tribe-event-date-end\">21. Mai 2026<\/span><\/span><span class=\"duration venue\"><em> |  <\/em>Au\u00dfenstelle Hof<\/span><\/li><li class=\"ecs-event integrationskurse-hof_ecs_category\"><h4 class=\"entry-title summary\"><a href=\"https:\/\/pscherer-online.de\/wp\/?tribe_events=integrationskurs-alphabetisierung-mhikd24-5\" rel=\"bookmark\">Integrationskurs Alphabetisierung MHIKD24\/5<\/a><\/h4><span class=\"duration time\"><span class=\"tribe-event-date-start\">2. Dezember 2024<\/span> - <span class=\"tribe-event-date-end\">11. Juni 2026<\/span><\/span><span class=\"duration venue\"><em> |  <\/em>Au\u00dfenstelle Hof<\/span><\/li><li class=\"ecs-event integrationskurse-hof_ecs_category\"><h4 class=\"entry-title summary\"><a href=\"https:\/\/pscherer-online.de\/wp\/?tribe_events=integrationskurs-mit-alphabetisierung-mhikd25-4\" rel=\"bookmark\">Integrationskurs mit Alphabetisierung MHIKD25\/4<\/a><\/h4><span class=\"duration time\"><span class=\"tribe-event-date-start\">8. September 2025<\/span> - <span class=\"tribe-event-date-end\">4. Februar 2027<\/span><\/span><span class=\"duration venue\"><em> |  <\/em>Au\u00dfenstelle Hof<\/span><\/li><li class=\"ecs-event integrationskurse-hof_ecs_category\"><h4 class=\"entry-title summary\"><a href=\"https:\/\/pscherer-online.de\/wp\/?tribe_events=integrationskurs-mit-alphabetisierung-mhikd25-5\" rel=\"bookmark\">Integrationskurs mit Alphabetisierung MHIKD25\/5<\/a><\/h4><span class=\"duration time\"><span class=\"tribe-event-date-start\">15. September 2025<\/span> - <span class=\"tribe-event-date-end\">12. November 2026<\/span><\/span><span class=\"duration venue\"><em> |  <\/em>Au\u00dfenstelle Hof<\/span><\/li><li class=\"ecs-event integrationskurse-hof_ecs_category\"><h4 class=\"entry-title summary\"><a href=\"https:\/\/pscherer-online.de\/wp\/?tribe_events=integrationskurs-zweitschriftenlerner-mhikd25-2\" rel=\"bookmark\">Integrationskurs Zweitschriftenlerner MHIKD25\/2<\/a><\/h4><span class=\"duration time\"><span class=\"tribe-event-date-start\">31. M\u00e4rz 2025<\/span> - <span class=\"tribe-event-date-end\">10. August 2026<\/span><\/span><span class=\"duration venue\"><em> |  <\/em>Au\u00dfenstelle Hof<\/span><\/li><\/ul><script type=\"application\/ld+json\">\r\n[{\"@context\":\"http:\/\/schema.org\",\"@type\":\"Event\",\"name\":\"Allgemeiner Integrationskurs MHIKD25\/3\",\"description\":\"\",\"url\":\"https:\/\/pscherer-online.de\/wp\/?tribe_events=allgemeiner-integrationskurs-mhikd25-3\",\"eventAttendanceMode\":\"https:\/\/schema.org\/OfflineEventAttendanceMode\",\"eventStatus\":\"https:\/\/schema.org\/EventScheduled\",\"startDate\":\"2025-05-26T00:00:00+02:00\",\"endDate\":\"2026-05-21T23:59:59+02:00\",\"location\":{\"@type\":\"Place\",\"name\":\"Au\\u00dfenstelle Hof\",\"description\":\"\",\"url\":\"\",\"address\":{\"@type\":\"PostalAddress\",\"streetAddress\":\"Schlo\\u00dfweg 6\",\"addressLocality\":\"Hof\",\"postalCode\":\"95028\",\"addressCountry\":\"Deutschland\"},\"telephone\":\"09281 1406523\",\"sameAs\":\"\"},\"performer\":\"Organization\"},{\"@context\":\"http:\/\/schema.org\",\"@type\":\"Event\",\"name\":\"Integrationskurs Alphabetisierung MHIKD24\/5\",\"description\":\"\",\"url\":\"https:\/\/pscherer-online.de\/wp\/?tribe_events=integrationskurs-alphabetisierung-mhikd24-5\",\"eventAttendanceMode\":\"https:\/\/schema.org\/OfflineEventAttendanceMode\",\"eventStatus\":\"https:\/\/schema.org\/EventScheduled\",\"startDate\":\"2024-12-02T00:00:00+01:00\",\"endDate\":\"2026-06-11T23:59:59+02:00\",\"location\":{\"@type\":\"Place\",\"name\":\"Au\\u00dfenstelle Hof\",\"description\":\"\",\"url\":\"\",\"address\":{\"@type\":\"PostalAddress\",\"streetAddress\":\"Schlo\\u00dfweg 6\",\"addressLocality\":\"Hof\",\"postalCode\":\"95028\",\"addressCountry\":\"Deutschland\"},\"telephone\":\"09281 1406523\",\"sameAs\":\"\"},\"performer\":\"Organization\"},{\"@context\":\"http:\/\/schema.org\",\"@type\":\"Event\",\"name\":\"Integrationskurs mit Alphabetisierung MHIKD25\/4\",\"description\":\"\",\"url\":\"https:\/\/pscherer-online.de\/wp\/?tribe_events=integrationskurs-mit-alphabetisierung-mhikd25-4\",\"eventAttendanceMode\":\"https:\/\/schema.org\/OfflineEventAttendanceMode\",\"eventStatus\":\"https:\/\/schema.org\/EventScheduled\",\"startDate\":\"2025-09-08T00:00:00+02:00\",\"endDate\":\"2027-02-04T23:59:59+01:00\",\"location\":{\"@type\":\"Place\",\"name\":\"Au\\u00dfenstelle Hof\",\"description\":\"\",\"url\":\"\",\"address\":{\"@type\":\"PostalAddress\",\"streetAddress\":\"Schlo\\u00dfweg 6\",\"addressLocality\":\"Hof\",\"postalCode\":\"95028\",\"addressCountry\":\"Deutschland\"},\"telephone\":\"09281 1406523\",\"sameAs\":\"\"},\"performer\":\"Organization\"},{\"@context\":\"http:\/\/schema.org\",\"@type\":\"Event\",\"name\":\"Integrationskurs mit Alphabetisierung MHIKD25\/5\",\"description\":\"\",\"url\":\"https:\/\/pscherer-online.de\/wp\/?tribe_events=integrationskurs-mit-alphabetisierung-mhikd25-5\",\"eventAttendanceMode\":\"https:\/\/schema.org\/OfflineEventAttendanceMode\",\"eventStatus\":\"https:\/\/schema.org\/EventScheduled\",\"startDate\":\"2025-09-15T00:00:00+02:00\",\"endDate\":\"2026-11-12T23:59:59+01:00\",\"location\":{\"@type\":\"Place\",\"name\":\"Au\\u00dfenstelle Hof\",\"description\":\"\",\"url\":\"\",\"address\":{\"@type\":\"PostalAddress\",\"streetAddress\":\"Schlo\\u00dfweg 6\",\"addressLocality\":\"Hof\",\"postalCode\":\"95028\",\"addressCountry\":\"Deutschland\"},\"telephone\":\"09281 1406523\",\"sameAs\":\"\"},\"performer\":\"Organization\"},{\"@context\":\"http:\/\/schema.org\",\"@type\":\"Event\",\"name\":\"Integrationskurs Zweitschriftenlerner MHIKD25\/2\",\"description\":\"\",\"url\":\"https:\/\/pscherer-online.de\/wp\/?tribe_events=integrationskurs-zweitschriftenlerner-mhikd25-2\",\"eventAttendanceMode\":\"https:\/\/schema.org\/OfflineEventAttendanceMode\",\"eventStatus\":\"https:\/\/schema.org\/EventScheduled\",\"startDate\":\"2025-03-31T00:00:00+02:00\",\"endDate\":\"2026-08-10T23:59:59+02:00\",\"location\":{\"@type\":\"Place\",\"name\":\"Au\\u00dfenstelle Hof\",\"description\":\"\",\"url\":\"\",\"address\":{\"@type\":\"PostalAddress\",\"streetAddress\":\"Schlo\\u00dfweg 6\",\"addressLocality\":\"Hof\",\"postalCode\":\"95028\",\"addressCountry\":\"Deutschland\"},\"telephone\":\"09281 1406523\",\"sameAs\":\"\"},\"performer\":\"Organization\"}]\r\n<\/script><!--\n Event listing powered by The Events Calendar Shortcode\n https:\/\/eventcalendarnewsletter.com\/the-events-calendar-shortcode\/ \n-->\n\n\n\n<p><br><br><br><br>Am <strong>Standort Lengenfeld<\/strong> (Kontakt unter <a href=\"mailto:bildungsinstitut@pscherer-online.de\">bildungsinstitut@pscherer-online.de<\/a> oder 037606 39-0)<\/p>\n\n\n<div class=\"ecs-no-events\">Es sind keine anstehenden Lehrgang vorhanden.<\/div>\n\n\n\n<p><br><br>Am <strong>Standort Zwickau<\/strong> (Kontakt unter <a href=\"mailto:zwickau@pscherer-online.de\">zwickau@pscherer-online.de<\/a> oder 0375 2714861)<\/p>\n\n\n<div class=\"ecs-no-events\">Es sind keine anstehenden Lehrgang vorhanden.<\/div>\n\n\n\n<p class=\"has-medium-font-size\"><br><br><strong>Hinweise f\u00fcr Zu-\/Selbstzahler<\/strong><\/p>\n\n\n\n<p>F\u00fcr Teilnehmende mit Verpflichtung oder Berechtigung ohne Zuzahlung \u00fcbernimmt das Bundesamt f\u00fcr Migration und Fl\u00fcchtlinge (BAMF) die Schulungskosten.<br>F\u00fcr Teilnehmende mit Berechtigung und Zuzahlung \u00fcbernimmt das Bundesamt f\u00fcr Migration und Fl\u00fcchtlinge (BAMF) die Schulungskosten anteilig zur H\u00e4lfte.<br>Teilnehmende ohne Verpflichtung oder Berechtigung k\u00f6nnen als Selbstzahler in einen Kurs aufgenommen werden, sofern freie Pl\u00e4tze vorhanden sind.<\/p>\n\n\n\n<p>F\u00fcr weitere Informationen bez\u00fcglich der Anmeldung und der Kosten stehen Ihnen unsere Ansprechpartner jederzeit zur Verf\u00fcgung!<\/p>\n\n\n\n<p class=\"has-medium-font-size\"><strong>F\u00f6rderung<\/strong><\/p>\n\n\n\n<div class=\"wp-block-columns is-layout-flex wp-container-core-columns-is-layout-9d6595d7 wp-block-columns-is-layout-flex\">\n<div class=\"wp-block-column is-layout-flow wp-block-column-is-layout-flow\" style=\"flex-basis:25%\">\n<figure class=\"wp-block-image\"><img decoding=\"async\" src=\"http:\/\/pscherer-online.de\/wp\/wp-content\/uploads\/2020\/07\/BAMF1.png\" alt=\"Dieses Bild hat ein leeres Alt-Attribut. Der Dateiname ist BAMF1.png\"\/><\/figure>\n<\/div>\n\n\n\n<div class=\"wp-block-column is-layout-flow wp-block-column-is-layout-flow\" style=\"flex-basis:25%\"><div class=\"wp-block-image\">\n<figure class=\"alignleft is-resized\"><img decoding=\"async\" src=\"http:\/\/pscherer-online.de\/wp\/wp-content\/uploads\/2020\/07\/telc1-300x172.png\" alt=\"Dieses Bild hat ein leeres Alt-Attribut. Der Dateiname ist telc1-300x172.png\" style=\"width:120px\"\/><\/figure><\/div>\n\n\n<p><\/p>\n<\/div>\n<\/div>\n\n\n\n<figure class=\"wp-block-image is-resized is-style-rounded\"><img decoding=\"async\" src=\"http:\/\/pscherer-online.de\/wp\/wp-content\/uploads\/2020\/07\/2877573-1024x678.jpg\" alt=\"Dieses Bild hat ein leeres Alt-Attribut. Der Dateiname ist 2877573-1024x678.jpg\" style=\"width:600px\"\/><\/figure>\n\n\n\n<div style=\"height:100px\" aria-hidden=\"true\" class=\"wp-block-spacer\"><\/div>\n\n\n\n<p class=\"has-medium-font-size\"><strong>Kontakt f\u00fcr Sprach- und Integrationskurse<\/strong><\/p>\n\n\n\n<div class=\"wpcf7 no-js\" id=\"wpcf7-f4771-o1\" lang=\"de-DE\" dir=\"ltr\" data-wpcf7-id=\"4771\">\n<div class=\"screen-reader-response\"><p role=\"status\" aria-live=\"polite\" aria-atomic=\"true\"><\/p> <ul><\/ul><\/div>\n<form action=\"\/wp\/index.php?rest_route=%2Fwp%2Fv2%2Fpages%2F2163#wpcf7-f4771-o1\" method=\"post\" class=\"wpcf7-form init\" aria-label=\"Kontaktformular\" novalidate=\"novalidate\" data-status=\"init\">\n<div style=\"display: none;\">\n<input type=\"hidden\" name=\"_wpcf7\" value=\"4771\" \/>\n<input type=\"hidden\" name=\"_wpcf7_version\" value=\"6.0.2\" \/>\n<input type=\"hidden\" name=\"_wpcf7_locale\" value=\"de_DE\" \/>\n<input type=\"hidden\" name=\"_wpcf7_unit_tag\" value=\"wpcf7-f4771-o1\" \/>\n<input type=\"hidden\" name=\"_wpcf7_container_post\" value=\"0\" \/>\n<input type=\"hidden\" name=\"_wpcf7_posted_data_hash\" value=\"\" \/>\n<\/div>\n<p><label> Ihr Name (Pflichtfeld)<br \/>\n<span class=\"wpcf7-form-control-wrap\" data-name=\"your-name\"><input size=\"40\" maxlength=\"400\" class=\"wpcf7-form-control wpcf7-text wpcf7-validates-as-required\" aria-required=\"true\" aria-invalid=\"false\" value=\"\" type=\"text\" name=\"your-name\" \/><\/span> <\/label>\n<\/p>\n<p><label> Ihre Telefonnummer<br \/>\n<span class=\"wpcf7-form-control-wrap\" data-name=\"tel-336\"><input size=\"40\" maxlength=\"400\" class=\"wpcf7-form-control wpcf7-tel wpcf7-text wpcf7-validates-as-tel\" aria-invalid=\"false\" value=\"\" type=\"tel\" name=\"tel-336\" \/><\/span><\/label>\n<\/p>\n<p><label> Ihre E-Mail-Adresse (Pflichtfeld)<br \/>\n<span class=\"wpcf7-form-control-wrap\" data-name=\"your-email\"><input size=\"40\" maxlength=\"400\" class=\"wpcf7-form-control wpcf7-email wpcf7-validates-as-required wpcf7-text wpcf7-validates-as-email\" aria-required=\"true\" aria-invalid=\"false\" value=\"\" type=\"email\" name=\"your-email\" \/><\/span> <\/label>\n<\/p>\n<p><label> Ihre Nachricht<br \/>\n<span class=\"wpcf7-form-control-wrap\" data-name=\"your-message\"><textarea cols=\"40\" rows=\"10\" maxlength=\"2000\" class=\"wpcf7-form-control wpcf7-textarea\" aria-invalid=\"false\" name=\"your-message\"><\/textarea><\/span> <\/label>\n<\/p>\n<p><input class=\"wpcf7-form-control wpcf7-submit has-spinner\" type=\"submit\" value=\"Senden\" \/>\n<\/p><input type='hidden' class='wpcf7-pum' value='{\"closepopup\":false,\"closedelay\":0,\"openpopup\":false,\"openpopup_id\":0}' \/><div class=\"wpcf7-response-output\" aria-hidden=\"true\"><\/div>\n<\/form>\n<\/div>\n\n\n\n\n<p><br><strong>Marktredwitz<\/strong><br>Lindenstra\u00dfe 2<br>95615 Marktredwitz<br>Katharina Flegler<br><i class=\"wp-svg-phone phone\"><\/i> 09231 5039193<br><i class=\"wp-svg-envelop envelop\"><\/i> <a href=\"mailto:kf@pscherer-online.de\">kf@pscherer-online.de<\/a><\/p>\n\n\n\n<p><strong>Hof<\/strong><br>Schlo\u00dfweg 6<br>95028 Hof<br>Irina Kisler<br><i class=\"wp-svg-phone phone\"><\/i> 09281 1406523<br><i class=\"wp-svg-envelop envelop\"><\/i> <a href=\"mailto:ik@pscherer-online.de\">ik@pscherer-online.de<\/a><\/p>\n\n\n\n<p><strong>Lengenfeld<\/strong><br>Reichenbacher Stra\u00dfe 39<br>08485 Lengenfeld<br>Bianca Benkert<br><i class=\"wp-svg-phone phone\"><\/i> 037606 39-0<br><i class=\"wp-svg-envelop envelop\"><\/i> <a href=\"mailto:bb@pscherer-online.de\">bb@pscherer-online.de<\/a><\/p>\n\n\n\n<p><strong>Zwickau<\/strong><br>Leipziger Str. 176<br>08058 Zwickau<br>Holger Kr\u00e4mer<br><i class=\"wp-svg-phone phone\"><\/i> 0375 2713945<br><i class=\"wp-svg-envelop envelop\"><\/i> <a href=\"mailto:hkr@pscherer-online.de\">hkr@pscherer-online.de<\/a><br><\/p>\n<\/div>\n<\/div>\n\n\n\n<a href=\"javascript:history.back();\"><i class=\"wp-svg-backward-2 backward-2\"><\/i> zur\u00fcck zu den Angeboten<\/a>\n\n\n\n<div style=\"font-size:12px\" align=\"right\">Bildrechte:<br>\nwww.pixabay.com\n<\/div>\n\n\n<div class=\"lps-block-preview\"><section class=\"latest-post-selection four-columns as-overlay has-title-nodecoration has-title-uppercase hover-zoom content-end dark tall ver2\" id=\"lps-2d95fa4017d23964d898a9e618bb63a9\" style=\"\" role=\"list\"><article class=\"post-5214 tribe_events type-tribe_events status-publish hentry tribe_events_cat-integrationskurse-hof cat_integrationskurse-hof has-link\" data-lps-id=\"5214\" role=\"listitem\"><div class=\"article__info\"><h3 class=\"article__title item-title-tag\"><a href=\"https:\/\/pscherer-online.de\/wp\/?tribe_events=integrationskurs-mit-alphabetisierung-mhikd25-5\" title=\"Integrationskurs mit Alphabetisierung MHIKD25\/5\" class=\"article__link main-link\">Integrationskurs mit Alphabetisierung MHIKD25\/5<\/a><\/h3><\/div><\/article><article class=\"post-5212 tribe_events type-tribe_events status-publish hentry tribe_events_cat-integrationskurse-hof cat_integrationskurse-hof has-link\" data-lps-id=\"5212\" role=\"listitem\"><div class=\"article__info\"><h3 class=\"article__title item-title-tag\"><a href=\"https:\/\/pscherer-online.de\/wp\/?tribe_events=integrationskurs-mit-alphabetisierung-mhikd25-4\" title=\"Integrationskurs mit Alphabetisierung MHIKD25\/4\" class=\"article__link main-link\">Integrationskurs mit Alphabetisierung MHIKD25\/4<\/a><\/h3><\/div><\/article><article class=\"post-5210 tribe_events type-tribe_events status-publish hentry tribe_events_cat-integrationskurse-hof cat_integrationskurse-hof has-link\" data-lps-id=\"5210\" role=\"listitem\"><div class=\"article__info\"><h3 class=\"article__title item-title-tag\"><a href=\"https:\/\/pscherer-online.de\/wp\/?tribe_events=allgemeiner-integrationskurs-mhikd25-3\" title=\"Allgemeiner Integrationskurs MHIKD25\/3\" class=\"article__link main-link\">Allgemeiner Integrationskurs MHIKD25\/3<\/a><\/h3><\/div><\/article><article class=\"post-5208 tribe_events type-tribe_events status-publish hentry tribe_events_cat-integrationskurse-marktredwitz cat_integrationskurse-marktredwitz has-link\" data-lps-id=\"5208\" role=\"listitem\"><div class=\"article__info\"><h3 class=\"article__title item-title-tag\"><a href=\"https:\/\/pscherer-online.de\/wp\/?tribe_events=allgemeiner-integrationskurs-mikd25-3\" title=\"Allgemeiner Integrationskurs MIKD25\/3\" class=\"article__link main-link\">Allgemeiner Integrationskurs MIKD25\/3<\/a><\/h3><\/div><\/article><article class=\"post-5204 tribe_events type-tribe_events status-publish hentry tribe_events_cat-integrationskurse-hof cat_integrationskurse-hof has-link\" data-lps-id=\"5204\" role=\"listitem\"><div class=\"article__info\"><h3 class=\"article__title item-title-tag\"><a href=\"https:\/\/pscherer-online.de\/wp\/?tribe_events=integrationskurs-zweitschriftenlerner-mhikd25-2\" title=\"Integrationskurs Zweitschriftenlerner MHIKD25\/2\" class=\"article__link main-link\">Integrationskurs Zweitschriftenlerner MHIKD25\/2<\/a><\/h3><\/div><\/article><article class=\"post-5202 tribe_events type-tribe_events status-publish hentry tribe_events_cat-integrationskurse-marktredwitz cat_integrationskurse-marktredwitz has-link\" data-lps-id=\"5202\" role=\"listitem\"><div class=\"article__info\"><h3 class=\"article__title item-title-tag\"><a href=\"https:\/\/pscherer-online.de\/wp\/?tribe_events=allgemeiner-integrationskurs-mikd25-2\" title=\"Allgemeiner Integrationskurs MIKD25\/2\" class=\"article__link main-link\">Allgemeiner Integrationskurs MIKD25\/2<\/a><\/h3><\/div><\/article><article class=\"post-4866 tribe_events type-tribe_events status-publish hentry tribe_events_cat-integrationskurse-hof cat_integrationskurse-hof has-link\" data-lps-id=\"4866\" role=\"listitem\"><div class=\"article__info\"><h3 class=\"article__title item-title-tag\"><a href=\"https:\/\/pscherer-online.de\/wp\/?tribe_events=integrationskurs-alphabetisierung-mhikd24-5\" title=\"Integrationskurs Alphabetisierung MHIKD24\/5\" class=\"article__link main-link\">Integrationskurs Alphabetisierung MHIKD24\/5<\/a><\/h3><\/div><\/article><article class=\"post-4491 tribe_events type-tribe_events status-publish hentry tribe_events_cat-integrationskurse-marktredwitz cat_integrationskurse-marktredwitz has-link\" data-lps-id=\"4491\" role=\"listitem\"><div class=\"article__info\"><h3 class=\"article__title item-title-tag\"><a href=\"https:\/\/pscherer-online.de\/wp\/?tribe_events=berufssprachkurs-a2-mbsf23-3\" title=\"Integrationskurs f\u00fcr Eltern MIKD25\/1\" class=\"article__link main-link\">Integrationskurs f\u00fcr Eltern MIKD25\/1<\/a><\/h3><\/div><\/article><\/section><\/div>","protected":false},"excerpt":{"rendered":"<p>An den Standorten Marktredwitz, Hof, Lengenfeld und Zwickau bieten wir folgende Kursarten an: Aktuelle Kurs\u00fcbersicht: Am Standort Marktredwitz (Kontakt unter marktredwitz@pscherer-online.de oder 09231 5039193) Am Standort Hof (Kontakt unter hof@pscherer-online.de oder 09281<a class=\"moretag\" href=\"https:\/\/pscherer-online.de\/wp\/?tribe_events=integrationskurs-zweitschriftenlerner-mhikd25-2\">mehr anzeigen&#8230;<\/a><\/p>\n","protected":false},"author":1,"featured_media":3937,"parent":141,"menu_order":0,"comment_status":"closed","ping_status":"closed","template":"","meta":{"footnotes":""},"class_list":["post-2163","page","type-page","status-publish","has-post-thumbnail","hentry","cat_integrationskurse-hof"],"_links":{"self":[{"href":"https:\/\/pscherer-online.de\/wp\/index.php?rest_route=\/wp\/v2\/pages\/2163","targetHints":{"allow":["GET"]}}],"collection":[{"href":"https:\/\/pscherer-online.de\/wp\/index.php?rest_route=\/wp\/v2\/pages"}],"about":[{"href":"https:\/\/pscherer-online.de\/wp\/index.php?rest_route=\/wp\/v2\/types\/page"}],"author":[{"embeddable":true,"href":"https:\/\/pscherer-online.de\/wp\/index.php?rest_route=\/wp\/v2\/users\/1"}],"replies":[{"embeddable":true,"href":"https:\/\/pscherer-online.de\/wp\/index.php?rest_route=%2Fwp%2Fv2%2Fcomments&post=2163"}],"version-history":[{"count":80,"href":"https:\/\/pscherer-online.de\/wp\/index.php?rest_route=\/wp\/v2\/pages\/2163\/revisions"}],"predecessor-version":[{"id":5713,"href":"https:\/\/pscherer-online.de\/wp\/index.php?rest_route=\/wp\/v2\/pages\/2163\/revisions\/5713"}],"up":[{"embeddable":true,"href":"https:\/\/pscherer-online.de\/wp\/index.php?rest_route=\/wp\/v2\/pages\/141"}],"wp:featuredmedia":[{"embeddable":true,"href":"https:\/\/pscherer-online.de\/wp\/index.php?rest_route=\/wp\/v2\/media\/3937"}],"wp:attachment":[{"href":"https:\/\/pscherer-online.de\/wp\/index.php?rest_route=%2Fwp%2Fv2%2Fmedia&parent=2163"}],"curies":[{"name":"wp","href":"https:\/\/api.w.org\/{rel}","templated":true}]}}