{"id":2154,"date":"2020-07-09T12:02:25","date_gmt":"2020-07-09T10:02:25","guid":{"rendered":"http:\/\/pscherer-online.de\/wp\/?page_id=2154"},"modified":"2025-04-03T08:32:01","modified_gmt":"2025-04-03T06:32:01","slug":"angebote-fuer-migranten-und-fluechtlinge-arbeitsmarktmentoren","status":"publish","type":"page","link":"https:\/\/pscherer-online.de\/wp\/?page_id=2154","title":{"rendered":"Angebote f\u00fcr Migranten und Fl\u00fcchtlinge &#8211; ARBEITSMARKTMENTOREN"},"content":{"rendered":"\n<h2 class=\"wp-block-heading\">Arbeiten, Leben und Wohnen im Vogtland \u2013 Arbeitsmarktmentoren f\u00fcr Gefl\u00fcchtete<\/h2>\n\n\n\n<div class=\"wp-block-columns is-layout-flex wp-container-core-columns-is-layout-9d6595d7 wp-block-columns-is-layout-flex\">\n<div class=\"wp-block-column is-vertically-aligned-top is-layout-flow wp-block-column-is-layout-flow\">\n<p class=\"has-medium-font-size\"><strong>Eine Initiative des S\u00e4chsischen Staatsministeriums f\u00fcr Wirtschaft, Arbeit und Verkehr<\/strong><\/p>\n\n\n\n<p class=\"has-medium-font-size\"><strong>Laufzeit<\/strong><\/p>\n\n\n\n<p>01.01.2025 bis 31.12.2027<\/p>\n\n\n\n<p class=\"has-medium-font-size\"><strong>Ziele und<\/strong> <strong>Inhalte<\/strong><\/p>\n\n\n\n<p>Das Ziel des Programms &#8222;Arbeitsmarktmentoren Sachsen&#8220; ist die nachhaltige Integration von Schutzsuchenden in eine Berufsausbildung oder eine sozialversicherungspflichtige Besch\u00e4ftigung auf dem regionalen Arbeitsmarkt. <br>Die Arbeitsmarktmentoren fungieren als Br\u00fccke zwischen Arbeitgebern und Schutzsuchenden. Sie beraten und unterst\u00fctzen bei allen Fragen zur Integration und helfen aktiv dabei, eine reibungslose Eingliederung in den betrieblichen Alltag zu gew\u00e4hrleisten.<br><br>Die Betreuung wird individuell auf die Teilnehmenden abgestimmt.<br>Bereits bestehende Projekte von Kooperationspartnern werden genutzt und verkn\u00fcpft. Zudem werden regelm\u00e4\u00dfig eigene Infoveranstaltungen und Workshops zu speziellen Themen durchgef\u00fchrt. Die Begleitung erfolgt bedarfsgerecht und individuell.<br><br>Die Teilnahme am Programm ist freiwillig und bietet umfassende Unterst\u00fctzung. Es erg\u00e4nzt die bestehende Regelstruktur und bietet zus\u00e4tzliche Hilfestellungen f\u00fcr eine erfolgreiche Integration.<\/p>\n\n\n\n<p class=\"has-medium-font-size\"><strong>Zielgruppen<\/strong><\/p>\n\n\n\n<ul class=\"wp-block-list\">\n<li>Schutzsuchende sowie Menschen mit Migrationshintergrund, unabh\u00e4ngig von deren Aufenthaltsdauer und Aufenthaltsstatus<\/li>\n\n\n\n<li>Regionale Arbeitgeber, die Schutzsuchende ausbilden bzw. besch\u00e4ftigen<\/li>\n<\/ul>\n\n\n\n<p class=\"has-medium-font-size\"><strong>F\u00f6rderung<\/strong><\/p>\n\n\n\n<div class=\"wp-block-columns is-layout-flex wp-container-core-columns-is-layout-9d6595d7 wp-block-columns-is-layout-flex\">\n<div class=\"wp-block-column is-layout-flow wp-block-column-is-layout-flow\" style=\"flex-basis:50%\">\n<p>Diese Ma\u00dfnahme wird mitfinanziert mit Steuermitteln auf Grundlage des vom S\u00e4chsischen Landtag beschlossenen Haushaltes.  <\/p>\n<\/div>\n<\/div>\n<\/div>\n\n\n\n<div class=\"wp-block-column is-layout-flow wp-block-column-is-layout-flow\" style=\"flex-basis:5%\"><\/div>\n\n\n\n<div class=\"wp-block-column is-layout-flow wp-block-column-is-layout-flow\" style=\"flex-basis:30%\">\n<figure class=\"wp-block-image size-full\"><img loading=\"lazy\" decoding=\"async\" width=\"674\" height=\"99\" src=\"https:\/\/pscherer-online.de\/wp\/wp-content\/uploads\/2022\/01\/Logo_SMWA_Internet.gif\" alt=\"\" class=\"wp-image-3243\"\/><\/figure>\n\n\n\n<figure class=\"wp-block-image size-full is-style-default\"><img loading=\"lazy\" decoding=\"async\" width=\"563\" height=\"347\" src=\"https:\/\/pscherer-online.de\/wp\/wp-content\/uploads\/2021\/10\/am.png\" alt=\"\" class=\"wp-image-3129\" srcset=\"https:\/\/pscherer-online.de\/wp\/wp-content\/uploads\/2021\/10\/am.png 563w, https:\/\/pscherer-online.de\/wp\/wp-content\/uploads\/2021\/10\/am-300x185.png 300w\" sizes=\"auto, (max-width: 563px) 100vw, 563px\" \/><\/figure>\n\n\n\n<div class=\"wp-block-columns is-layout-flex wp-container-core-columns-is-layout-9d6595d7 wp-block-columns-is-layout-flex\">\n<div class=\"wp-block-column is-layout-flow wp-block-column-is-layout-flow\">\n<figure class=\"wp-block-image size-full\"><img loading=\"lazy\" decoding=\"async\" width=\"200\" height=\"300\" src=\"https:\/\/pscherer-online.de\/wp\/wp-content\/uploads\/2022\/01\/Landessignet_gruen.gif\" alt=\"\" class=\"wp-image-3242\"\/><\/figure>\n<\/div>\n\n\n\n<div class=\"wp-block-column is-layout-flow wp-block-column-is-layout-flow\">\n<p><br>Diese Ma\u00dfnahme wird mitfinanziert mit Steuermitteln auf Grundlage des vom S\u00e4chsischen Landtag beschlossenen Haushaltes.<\/p>\n<\/div>\n<\/div>\n\n\n\n<p class=\"has-medium-font-size\"><strong>Kontakt<\/strong><\/p>\n\n\n\n<p><strong>Plauen<\/strong><br>Morgenbergstra\u00dfe 19 Haus D<br>08525 Plauen<br>Jeannette Haase-Pfeuffer<br><i class=\"wp-svg-phone phone\"><\/i> 03741 5980562<br><i class=\"wp-svg-envelop envelop\"><\/i> <a href=\"mailto:jhp@pscherer-online.de\">jhp@pscherer-online.de<\/a><\/p>\n<\/div>\n<\/div>\n\n\n<div class=\"wp-block-image\">\n<figure class=\"aligncenter size-large\"><img loading=\"lazy\" decoding=\"async\" width=\"680\" height=\"1024\" src=\"https:\/\/pscherer-online.de\/wp\/wp-content\/uploads\/2020\/07\/blase1-680x1024.jpg\" alt=\"\" class=\"wp-image-2312\"\/><\/figure><\/div>\n\n\n<a href=\"javascript:history.back();\"><i class=\"wp-svg-backward-2 backward-2\"><\/i> zur\u00fcck zu den Angeboten<\/a>\n\n\n\n<div style=\"font-size:12px\" align=\"right\">Bildrechte:<br>\nwww.pixabay.com\n<\/div>\n","protected":false},"excerpt":{"rendered":"<p>Arbeiten, Leben und Wohnen im Vogtland \u2013 Arbeitsmarktmentoren f\u00fcr Gefl\u00fcchtete Eine Initiative des S\u00e4chsischen Staatsministeriums f\u00fcr Wirtschaft, Arbeit und Verkehr Laufzeit 01.01.2025 bis 31.12.2027 Ziele und Inhalte Das Ziel des Programms &#8222;Arbeitsmarktmentoren<a class=\"moretag\" href=\"https:\/\/pscherer-online.de\/wp\/?page_id=2154\">mehr anzeigen&#8230;<\/a><\/p>\n","protected":false},"author":1,"featured_media":0,"parent":141,"menu_order":0,"comment_status":"closed","ping_status":"closed","template":"page-sidebar.php","meta":{"footnotes":""},"class_list":["post-2154","page","type-page","status-publish","hentry"],"_links":{"self":[{"href":"https:\/\/pscherer-online.de\/wp\/index.php?rest_route=\/wp\/v2\/pages\/2154","targetHints":{"allow":["GET"]}}],"collection":[{"href":"https:\/\/pscherer-online.de\/wp\/index.php?rest_route=\/wp\/v2\/pages"}],"about":[{"href":"https:\/\/pscherer-online.de\/wp\/index.php?rest_route=\/wp\/v2\/types\/page"}],"author":[{"embeddable":true,"href":"https:\/\/pscherer-online.de\/wp\/index.php?rest_route=\/wp\/v2\/users\/1"}],"replies":[{"embeddable":true,"href":"https:\/\/pscherer-online.de\/wp\/index.php?rest_route=%2Fwp%2Fv2%2Fcomments&post=2154"}],"version-history":[{"count":30,"href":"https:\/\/pscherer-online.de\/wp\/index.php?rest_route=\/wp\/v2\/pages\/2154\/revisions"}],"predecessor-version":[{"id":5140,"href":"https:\/\/pscherer-online.de\/wp\/index.php?rest_route=\/wp\/v2\/pages\/2154\/revisions\/5140"}],"up":[{"embeddable":true,"href":"https:\/\/pscherer-online.de\/wp\/index.php?rest_route=\/wp\/v2\/pages\/141"}],"wp:attachment":[{"href":"https:\/\/pscherer-online.de\/wp\/index.php?rest_route=%2Fwp%2Fv2%2Fmedia&parent=2154"}],"curies":[{"name":"wp","href":"https:\/\/api.w.org\/{rel}","templated":true}]}}