{"id":2129,"date":"2020-07-09T11:17:37","date_gmt":"2020-07-09T09:17:37","guid":{"rendered":"http:\/\/pscherer-online.de\/wp\/?page_id=2129"},"modified":"2025-10-28T14:12:30","modified_gmt":"2025-10-28T13:12:30","slug":"angebote-fuer-arbeitsuchende-bassai","status":"publish","type":"page","link":"https:\/\/pscherer-online.de\/wp\/?page_id=2129","title":{"rendered":"Angebote f\u00fcr Arbeitsuchende &#8211; BASSAI"},"content":{"rendered":"\n<h2 class=\"wp-block-heading\">BASSAI \u2013 Benachteiligte am Arbeitsmarkt Schritt f\u00fcr Schritt aktivieren und integrieren<\/h2>\n\n\n\n<div class=\"wp-block-columns is-layout-flex wp-container-core-columns-is-layout-9d6595d7 wp-block-columns-is-layout-flex\">\n<div class=\"wp-block-column is-layout-flow wp-block-column-is-layout-flow\">\n<p>Das Projekt richtet sich an \u00fcber 21j\u00e4hrige bis unter 58j\u00e4hrige Langzeitarbeitslose, die seit mindestens 3 Jahren arbeitslos sind.<br><\/p>\n\n\n\n<p class=\"has-medium-font-size\"><strong>F\u00f6rderung<\/strong><\/p>\n\n\n\n<figure class=\"wp-block-image size-full\"><img loading=\"lazy\" decoding=\"async\" width=\"984\" height=\"144\" src=\"https:\/\/pscherer-online.de\/wp\/wp-content\/uploads\/2023\/01\/KofinanzierungESF.jpg\" alt=\"\" class=\"wp-image-3817\"\/><\/figure>\n\n\n\n<p class=\"has-medium-font-size\"><strong>Ziele<\/strong><\/p>\n\n\n\n<p>Die Unterst\u00fctzung von arbeitslosen Personen geh\u00f6rt auch im neuen F\u00f6rderzeitraum 2021 bis 2027 zu einem zentralen F\u00f6rderziel des Europ\u00e4ischen Sozialfonds (ESF) Plus in Sachsen. Mit Mitteln der Europ\u00e4ischen Union finanziert der Freistaat Sachsen dabei Projekte, die verschiedene und vorrangig benachteiligte Zielgruppen in den Mittelpunkt r\u00fccken.<br>Unter dem Namen \u201eBASSAI Benachteiligte am Arbeitsmarkt Schritt f\u00fcr Schritt aktivieren und integrieren\u201c startete am 01.10.2025 ein Projekt (100780199), das an den BIP-Standorten Adorf, Auerbach, Lengenfeld und Plauen mit Kundinnen und Kunden des Jobcenters Vogtland durchgef\u00fchrt werden.<br>Im Fokus stehen Ma\u00dfnahmen, welche eine soziale Stabilisierung und St\u00e4rkung der Pers\u00f6nlichkeit, die Wiedererlangung einer Tagesstrukturierung, den Abbau von grundlegenden Wissensdefiziten, die Entwicklung von Sozialkompetenzen und die Steigerung arbeitsbezogener Motivation beinhalten. Ebenso ist die Wissens- und Kompetenzvermittlung u. a. \u00fcber praktischen Bezug, beispielsweise in Lernwerkst\u00e4tten oder im Gemeinwohlbereich, m\u00f6glich. In der Nachbetreuung wird die erreichte Aktivierung und Motivierung des Kunden sichergestellt sowie ggf. eine \u00dcberleitung in weiterf\u00fchrende Aktivierungsschritte unterst\u00fctzt und begleitet.<\/p>\n\n\n\n<p><\/p>\n\n\n\n<p class=\"has-medium-font-size\"><strong>Laufzeit<\/strong><\/p>\n\n\n\n<p>01.10.2025 bis 31.03.2027<br>Lengenfeld\/Plauen\/Adorf\/Auerbach<\/p>\n\n\n\n<hr class=\"wp-block-separator has-css-opacity\"\/>\n\n\n\n<p class=\"has-medium-font-size\"><\/p>\n<\/div>\n\n\n\n<div class=\"wp-block-column is-layout-flow wp-block-column-is-layout-flow\" style=\"flex-basis:5%\"><\/div>\n\n\n\n<div class=\"wp-block-column is-layout-flow wp-block-column-is-layout-flow\" style=\"flex-basis:30%\">\n<figure class=\"wp-block-image is-style-rounded\"><img decoding=\"async\" src=\"http:\/\/pscherer-online.de\/wp\/wp-content\/uploads\/2020\/07\/steps-388914_1280-1024x683.jpg\" alt=\"Dieses Bild hat ein leeres Alt-Attribut. Der Dateiname ist steps-388914_1280-1024x683.jpg\"\/><\/figure>\n\n\n\n<p class=\"has-medium-font-size\"><strong>Kontakt<\/strong><\/p>\n\n\n\n<p><strong>Lengenfeld<\/strong><br>Reichenbacher Str. 39<br>08485 Lengenfeld<br>Damaris Plietzsch<br><i class=\"wp-svg-phone phone\"><\/i> 037606 39-340<br><i class=\"wp-svg-envelop envelop\"><\/i> <a href=\"mailto:dp@pscherer-online.de\">dp@pscherer-online.de<\/a><\/p>\n\n\n\n<p class=\"has-medium-font-size\"><strong>Downloads<\/strong><\/p>\n\n\n\n<p style=\"font-size:15px\"><i class=\"wp-svg-file-pdf file-pdf\"><\/i> <a href=\"https:\/\/pscherer-online.de\/wp\/wp-content\/uploads\/2025\/10\/2025_09_18_Flyer-LBASSAI25.pdf\" target=\"_blank\" rel=\"noreferrer noopener\">Flyer BASSAI<\/a><\/p>\n<\/div>\n<\/div>\n\n\n\n<a href=\"javascript:history.back();\"><i class=\"wp-svg-backward-2 backward-2\"><\/i> zur\u00fcck zu den Angeboten<\/a>\n\n\n\n<div style=\"font-size:12px\" align=\"right\">Bildrechte:<br>\nProjektfoto: <a href=\"http:\/\/www.pixybay.com\">Pixabay<\/a>\n<\/div>\n\n\n\n<p><\/p>\n","protected":false},"excerpt":{"rendered":"<p>BASSAI \u2013 Benachteiligte am Arbeitsmarkt Schritt f\u00fcr Schritt aktivieren und integrieren Das Projekt richtet sich an \u00fcber 21j\u00e4hrige bis unter 58j\u00e4hrige Langzeitarbeitslose, die seit mindestens 3 Jahren arbeitslos sind. F\u00f6rderung Ziele Die<a class=\"moretag\" href=\"https:\/\/pscherer-online.de\/wp\/?page_id=2129\">mehr anzeigen&#8230;<\/a><\/p>\n","protected":false},"author":1,"featured_media":0,"parent":141,"menu_order":0,"comment_status":"closed","ping_status":"closed","template":"page-sidebar.php","meta":{"footnotes":""},"class_list":["post-2129","page","type-page","status-publish","hentry"],"_links":{"self":[{"href":"https:\/\/pscherer-online.de\/wp\/index.php?rest_route=\/wp\/v2\/pages\/2129","targetHints":{"allow":["GET"]}}],"collection":[{"href":"https:\/\/pscherer-online.de\/wp\/index.php?rest_route=\/wp\/v2\/pages"}],"about":[{"href":"https:\/\/pscherer-online.de\/wp\/index.php?rest_route=\/wp\/v2\/types\/page"}],"author":[{"embeddable":true,"href":"https:\/\/pscherer-online.de\/wp\/index.php?rest_route=\/wp\/v2\/users\/1"}],"replies":[{"embeddable":true,"href":"https:\/\/pscherer-online.de\/wp\/index.php?rest_route=%2Fwp%2Fv2%2Fcomments&post=2129"}],"version-history":[{"count":29,"href":"https:\/\/pscherer-online.de\/wp\/index.php?rest_route=\/wp\/v2\/pages\/2129\/revisions"}],"predecessor-version":[{"id":5608,"href":"https:\/\/pscherer-online.de\/wp\/index.php?rest_route=\/wp\/v2\/pages\/2129\/revisions\/5608"}],"up":[{"embeddable":true,"href":"https:\/\/pscherer-online.de\/wp\/index.php?rest_route=\/wp\/v2\/pages\/141"}],"wp:attachment":[{"href":"https:\/\/pscherer-online.de\/wp\/index.php?rest_route=%2Fwp%2Fv2%2Fmedia&parent=2129"}],"curies":[{"name":"wp","href":"https:\/\/api.w.org\/{rel}","templated":true}]}}