{"id":2097,"date":"2020-07-09T08:52:33","date_gmt":"2020-07-09T06:52:33","guid":{"rendered":"http:\/\/pscherer-online.de\/wp\/?page_id=2097"},"modified":"2026-02-04T11:43:40","modified_gmt":"2026-02-04T10:43:40","slug":"angebote-fuer-arbeitsuchende-moa","status":"publish","type":"page","link":"https:\/\/pscherer-online.de\/wp\/?page_id=2097","title":{"rendered":"Angebote f\u00fcr Arbeitsuchende &#8211; JobImpuls"},"content":{"rendered":"\n<h2 class=\"wp-block-heading\"><strong><strong>JobImpuls \u2013 Mein Weg zur beruflichen Integration<\/strong><\/strong><\/h2>\n\n\n\n<div class=\"wp-block-columns is-layout-flex wp-container-core-columns-is-layout-9d6595d7 wp-block-columns-is-layout-flex\">\n<div class=\"wp-block-column is-layout-flow wp-block-column-is-layout-flow\">\n<p class=\"has-medium-font-size\"><strong>individuell \u2013 zielgerichtet \u2013 effektiv<\/strong><\/p>\n\n\n\n<p>Mit Beratung, Training und Feedback begleiten wir jeden Teilnehmenden individuell bei der Planung, Umsetzung und \u00dcberpr\u00fcfung seiner pers\u00f6nlichen Ziele.<\/p>\n\n\n\n<p class=\"has-medium-font-size\"><strong>Laufzeit<\/strong><\/p>\n\n\n\n<p>Im Zulassungszeitraum 09.07.2024 \u2013 08.07.2027 individuell nach Vereinbarung<\/p>\n\n\n\n<p class=\"has-medium-font-size\"><strong>Inhalte<\/strong><\/p>\n\n\n\n<p>Dieses individuelle Coachingangebot dient der Erh\u00f6hung der Chancen auf dem Arbeitsmarkt. Es unterst\u00fctzt den Teilnehmenden zum Beispiel:<\/p>\n\n\n\n<ul class=\"wp-block-list\">\n<li>beim Ausbau seiner St\u00e4rken<\/li>\n\n\n\n<li>beim Erkennen und Abbauen eventueller Hindernisse<\/li>\n\n\n\n<li>beim Finden passfa\u0308higer beruflicher Einsatzgebiete<\/li>\n\n\n\n<li>bei seinen Bewerbungsaktivita\u0308ten<\/li>\n\n\n\n<li>bei praktischen Erprobungen in Unternehmen<\/li>\n<\/ul>\n\n\n\n<p>F\u00fcr die individuelle Umsetzung stehen zehn Module mit verschiedenen Themenschwerpunkten zur Verf\u00fcgung. Diese k\u00f6nnen einzeln ausgew\u00e4hlt oder kombiniert werden, so dass eine auf die individuellen Voraussetzungen und Interessen zugeschnittene Unterst\u00fctzung erm\u00f6glicht wird.<\/p>\n\n\n\n<p class=\"has-medium-font-size\"><strong>Zielgruppen<\/strong><\/p>\n\n\n\n<p>Arbeitsuchende aus dem Rechtskreis SBG II oder SGB III<\/p>\n\n\n\n<p class=\"has-medium-font-size\"><strong>F\u00f6rderm\u00f6glichkeiten<\/strong><\/p>\n\n\n\n<p><a href=\"http:\/\/pscherer-online.de\/wp\/?page_id=993\" target=\"_blank\" rel=\"noreferrer noopener\">Aktivierungs- und Vermittlungsgutschein (AVGS)<\/a><\/p>\n\n\n\n<p><\/p>\n<\/div>\n\n\n\n<div class=\"wp-block-column is-layout-flow wp-block-column-is-layout-flow\" style=\"flex-basis:5%\"><\/div>\n\n\n\n<div class=\"wp-block-column is-layout-flow wp-block-column-is-layout-flow\" style=\"flex-basis:30%\">\n<figure class=\"wp-block-image size-large is-style-rounded\"><img loading=\"lazy\" decoding=\"async\" width=\"1024\" height=\"683\" src=\"https:\/\/pscherer-online.de\/wp\/wp-content\/uploads\/2021\/09\/MOA_ohne_Text-1024x683.jpg\" alt=\"\" class=\"wp-image-3084\" srcset=\"https:\/\/pscherer-online.de\/wp\/wp-content\/uploads\/2021\/09\/MOA_ohne_Text-1024x683.jpg 1024w, https:\/\/pscherer-online.de\/wp\/wp-content\/uploads\/2021\/09\/MOA_ohne_Text-300x200.jpg 300w, https:\/\/pscherer-online.de\/wp\/wp-content\/uploads\/2021\/09\/MOA_ohne_Text-768x512.jpg 768w, https:\/\/pscherer-online.de\/wp\/wp-content\/uploads\/2021\/09\/MOA_ohne_Text-1536x1025.jpg 1536w, https:\/\/pscherer-online.de\/wp\/wp-content\/uploads\/2021\/09\/MOA_ohne_Text.jpg 1920w\" sizes=\"auto, (max-width: 1024px) 100vw, 1024px\" \/><figcaption class=\"wp-element-caption\">Two owners working together in the office<\/figcaption><\/figure>\n\n\n\n<p class=\"has-medium-font-size\"><strong>Downloads<\/strong><\/p>\n\n\n\n<i class=\"wp-svg-file-pdf file-pdf\"><\/i> <a href=\"https:\/\/pscherer-online.de\/wp\/wp-content\/uploads\/2025\/08\/JobImpuls_Vogtland.pdf\" data-type=\"URL\" data-id=\"http:\/\/pscherer-online.de\/wp\/wp-content\/uploads\/2021\/09\/Flyer_MOA_Vogtland.pdf\" target=\"_blank\" rel=\"noreferrer noopener\">Flyer f\u00fcr Vogtland<\/a> (Lengenfeld, Plauen, Adorf)<br><i class=\"wp-svg-file-pdf file-pdf\"><\/i> <a href=\"https:\/\/pscherer-online.de\/wp\/wp-content\/uploads\/2025\/08\/JobImpuls_Zwickau.pdf\" data-type=\"URL\" data-id=\"http:\/\/pscherer-online.de\/wp\/wp-content\/uploads\/2021\/09\/Flyer_MOA_Vogtland.pdf\" target=\"_blank\" rel=\"noreferrer noopener\">Flyer f\u00fcr Zwickau<\/a><br><i class=\"wp-svg-file-pdf file-pdf\"><\/i> <a href=\"https:\/\/pscherer-online.de\/wp\/wp-content\/uploads\/2025\/08\/JobImpuls_Chemnitz.pdf\" data-type=\"URL\" data-id=\"http:\/\/pscherer-online.de\/wp\/wp-content\/uploads\/2021\/09\/Flyer_MOA_Vogtland.pdf\" target=\"_blank\" rel=\"noreferrer noopener\">Flyer f\u00fcr Chemnitz<\/a> <br><i class=\"wp-svg-file-pdf file-pdf\"><\/i> <a href=\"https:\/\/pscherer-online.de\/wp\/wp-content\/uploads\/2025\/08\/JobImpuls_SZB.pdf\" data-type=\"URL\" data-id=\"http:\/\/pscherer-online.de\/wp\/wp-content\/uploads\/2021\/09\/Flyer_MOA_Vogtland.pdf\" target=\"_blank\" rel=\"noreferrer noopener\">Flyer f\u00fcr Schwarzenberg<\/a><br><i class=\"wp-svg-file-pdf file-pdf\"><\/i> <a href=\"https:\/\/pscherer-online.de\/wp\/wp-content\/uploads\/2026\/02\/2026_01_26_JobImpuls_MAK.pdf\" data-type=\"URL\" data-id=\"http:\/\/pscherer-online.de\/wp\/wp-content\/uploads\/2021\/09\/Flyer_MOA_Vogtland.pdf\" target=\"_blank\" rel=\"noreferrer noopener\">Flyer f\u00fcr Marktredwitz<\/a><br><i class=\"wp-svg-file-pdf file-pdf\"><\/i> <a href=\"https:\/\/pscherer-online.de\/wp\/wp-content\/uploads\/2026\/02\/2026_01_26_JobImpuls_Hof.pdf\" data-type=\"URL\" data-id=\"http:\/\/pscherer-online.de\/wp\/wp-content\/uploads\/2021\/09\/Flyer_MOA_Vogtland.pdf\" target=\"_blank\" rel=\"noreferrer noopener\">Flyer f\u00fcr Hof<\/a><\/p>\n\n\n\n<p class=\"has-medium-font-size\"><strong>Kontakt<\/strong><\/p>\n\n\n\n<p><strong>Lengenfeld \/ Plauen \/ Adorf<\/strong><br>Reichenbacher Str. 39<br>08485 Lengenfeld<br>Ute Gr\u00e4dtke<br><i class=\"wp-svg-phone phone\"><\/i> 037606 39-150<br><i class=\"wp-svg-envelop envelop\"><\/i> <a href=\"mailto:ug@pscherer-online.de\">ug@pscherer-online.de<\/a><\/p>\n\n\n\n<p><strong>Zwickau<\/strong><br>Leipziger Stra\u00dfe 179<br>08058 Zwickau<br>Holger Kr\u00e4mer<br><i class=\"wp-svg-phone phone\"><\/i> 0375 2713945<br><i class=\"wp-svg-envelop envelop\"><\/i> <a href=\"mailto:hkr@pscherer-online.de\">hkr@pscherer-online.de<\/a><\/p>\n\n\n\n<p><strong>Chemnitz<\/strong><br>09120 Chemnitz<br>Elsasser Str. 7<br>Jan R\u00f6hrer<br><i class=\"wp-svg-phone phone\"><\/i> 0371 52039505<br><i class=\"wp-svg-envelop envelop\"><\/i> <a href=\"mailto:jr@pscherer-online.de\">jr@pscherer-online.de<\/a><\/p>\n\n\n\n<p><strong>Schwarzenberg<\/strong><br>08340 Schwarzenberg<br>Elterleiner Str. 14<br>Jan R\u00f6hrer<br><i class=\"wp-svg-phone phone\"><\/i> 0371 52039505<br><i class=\"wp-svg-envelop envelop\"><\/i> <a href=\"mailto:jr@pscherer-online.de\">jr@pscherer-online.de<\/a><\/p>\n<\/div>\n<\/div>\n\n\n\n<a href=\"javascript:history.back();\"><i class=\"wp-svg-backward-2 backward-2\"><\/i> zur\u00fcck zu den Angeboten<\/a>\n\n\n\n<div style=\"font-size:12px\" align=\"right\">Bildrechte:<br>\n<a href=\"https:\/\/de.freepik.com\/fotos-vektoren-kostenlos\/infografik\">Infografik Vektor erstellt von freepik &#8211; de.freepik.com<\/a>\n<\/div>\n\n\n\n<p><\/p>\n","protected":false},"excerpt":{"rendered":"<p>JobImpuls \u2013 Mein Weg zur beruflichen Integration individuell \u2013 zielgerichtet \u2013 effektiv Mit Beratung, Training und Feedback begleiten wir jeden Teilnehmenden individuell bei der Planung, Umsetzung und \u00dcberpr\u00fcfung seiner pers\u00f6nlichen Ziele. Laufzeit<a class=\"moretag\" href=\"https:\/\/pscherer-online.de\/wp\/?page_id=2097\">mehr anzeigen&#8230;<\/a><\/p>\n","protected":false},"author":1,"featured_media":0,"parent":141,"menu_order":0,"comment_status":"closed","ping_status":"closed","template":"page-sidebar.php","meta":{"footnotes":""},"class_list":["post-2097","page","type-page","status-publish","hentry"],"_links":{"self":[{"href":"https:\/\/pscherer-online.de\/wp\/index.php?rest_route=\/wp\/v2\/pages\/2097","targetHints":{"allow":["GET"]}}],"collection":[{"href":"https:\/\/pscherer-online.de\/wp\/index.php?rest_route=\/wp\/v2\/pages"}],"about":[{"href":"https:\/\/pscherer-online.de\/wp\/index.php?rest_route=\/wp\/v2\/types\/page"}],"author":[{"embeddable":true,"href":"https:\/\/pscherer-online.de\/wp\/index.php?rest_route=\/wp\/v2\/users\/1"}],"replies":[{"embeddable":true,"href":"https:\/\/pscherer-online.de\/wp\/index.php?rest_route=%2Fwp%2Fv2%2Fcomments&post=2097"}],"version-history":[{"count":48,"href":"https:\/\/pscherer-online.de\/wp\/index.php?rest_route=\/wp\/v2\/pages\/2097\/revisions"}],"predecessor-version":[{"id":5717,"href":"https:\/\/pscherer-online.de\/wp\/index.php?rest_route=\/wp\/v2\/pages\/2097\/revisions\/5717"}],"up":[{"embeddable":true,"href":"https:\/\/pscherer-online.de\/wp\/index.php?rest_route=\/wp\/v2\/pages\/141"}],"wp:attachment":[{"href":"https:\/\/pscherer-online.de\/wp\/index.php?rest_route=%2Fwp%2Fv2%2Fmedia&parent=2097"}],"curies":[{"name":"wp","href":"https:\/\/api.w.org\/{rel}","templated":true}]}}