{"id":1683,"date":"2020-07-03T07:57:27","date_gmt":"2020-07-03T05:57:27","guid":{"rendered":"http:\/\/pscherer-online.de\/wp\/?page_id=1683"},"modified":"2023-01-04T06:47:55","modified_gmt":"2023-01-04T05:47:55","slug":"vorlage-projektmaske","status":"publish","type":"page","link":"https:\/\/pscherer-online.de\/wp\/?page_id=1683","title":{"rendered":"Angebote f\u00fcr Unternehmen, Kommunen und Besch\u00e4ftigte &#8211; SAENA"},"content":{"rendered":"\n<h2 class=\"wp-block-heading\">Seminare, Exkursionen, Workshops rund um den Themenkreis<br>\u201eEnergieeffizienz &#8211; erneuerbare Energien\u201c<\/h2>\n\n\n\n<div class=\"wp-block-columns is-layout-flex wp-container-core-columns-is-layout-9d6595d7 wp-block-columns-is-layout-flex\">\n<div class=\"wp-block-column is-layout-flow wp-block-column-is-layout-flow\">\n<p>Das Bildungsinstitut PSCHERER fungiert als \u201eAnerkanntes Kompetenzzentrum der SAENA GmbH f\u00fcr die Qualifizierung auf dem Gebiet Energieeffizienz und Einsatz erneuerbarer Energien\u201c in der Region Vogtland \u2013 Zwickau \u2013 Erzgebirgskreis. In dieser Funktion bieten wir interessante Veranstaltungen zur Weiterbildung auf dem Gebiet der Nachhaltigkeit an. Diese zeichnen sich durch folgende Vorteile f\u00fcr Sie aus:<\/p>\n\n\n\n<ul class=\"wp-block-list\">\n<li>hoher Praxisbezug durch Referenten aus Wirtschaft und Verwaltung<\/li>\n\n\n\n<li>bedarfsorientierte Inhalte<\/li>\n\n\n\n<li>zeitlich \u00fcberschaubar (8 Unterrichtseinheiten \u00e1 45 min)<\/li>\n\n\n\n<li>effizient und individuell durch kleine Teilnehmeranzahl<\/li>\n\n\n\n<li>flexibel hinsichtlich Termin, Seminarort, Seminarform<\/li>\n\n\n\n<li>kontinuierliche Qualit\u00e4tssicherung \u2013 Rezertifizierung alle 2 Jahre<\/li>\n\n\n\n<li>unb\u00fcrokratisch in Vorbereitung und Durchf\u00fchrung<\/li>\n\n\n\n<li>Erhalt einer Teilnahmebescheinigung<\/li>\n\n\n\n<li>sehr kosteng\u00fcnstig durch F\u00f6rderung<\/li>\n<\/ul>\n\n\n\n<p class=\"has-medium-font-size\"><strong>Laufzeit<\/strong><\/p>\n\n\n\n<p>seit 2009<\/p>\n\n\n\n<p class=\"has-medium-font-size\"><strong>Zielgruppen<\/strong><\/p>\n\n\n\n<p>Mitarbeiter s\u00e4chsischer Kommunen und Unternehmen<\/p>\n\n\n\n<p class=\"has-medium-font-size\"><strong>Aktuelle Veranstaltungen<\/strong><\/p>\n\n\n\n<div class=\"wp-block-group\"><div class=\"wp-block-group__inner-container is-layout-flow wp-block-group-is-layout-flow\">\n<p><\/p>\n\n\n<div class=\"ecs-no-events\">Es sind keine anstehenden Lehrgang vorhanden.<\/div>\n\n\n\n<p>Seminare zu weiteren Themen sind in Vorbereitung.<\/p>\n<\/div><\/div>\n\n\n\n<p class=\"has-medium-font-size\"><strong>Auftraggeber\/F\u00f6rderung<\/strong><\/p>\n\n\n\n<div class=\"wp-block-columns is-layout-flex wp-container-core-columns-is-layout-9d6595d7 wp-block-columns-is-layout-flex\">\n<div class=\"wp-block-column is-layout-flow wp-block-column-is-layout-flow\" style=\"flex-basis:30%\">\n<figure class=\"wp-block-image is-resized\"><img loading=\"lazy\" decoding=\"async\" src=\"http:\/\/pscherer-online.de\/wp\/wp-content\/uploads\/2020\/07\/logo_saena1.png\" alt=\"Dieses Bild hat ein leeres Alt-Attribut. Der Dateiname ist logo_saena1.png\" width=\"220\" height=\"170\"\/><\/figure>\n<\/div>\n\n\n\n<div class=\"wp-block-column is-vertically-aligned-center is-layout-flow wp-block-column-is-layout-flow\" style=\"flex-basis:50%\">\n<figure class=\"wp-block-image is-resized\"><img loading=\"lazy\" decoding=\"async\" src=\"http:\/\/pscherer-online.de\/wp\/wp-content\/uploads\/2020\/07\/Logo20Sachsen1.jpg\" alt=\"Dieses Bild hat ein leeres Alt-Attribut. Der Dateiname ist Logo20Sachsen1.jpg\" width=\"189\" height=\"58\"\/><\/figure>\n<\/div>\n<\/div>\n\n\n\n<p class=\"has-small-font-size\">Gef\u00f6rdert durch die S\u00e4chsische Energieagentur &#8211; SAENA GmbH und den Freistaat Sachsen. Koordiniert durch den Verband S\u00e4chsischer Bildungsinstitute e.V.<\/p>\n<\/div>\n\n\n\n<div class=\"wp-block-column is-layout-flow wp-block-column-is-layout-flow\" style=\"flex-basis:5%\"><\/div>\n\n\n\n<div class=\"wp-block-column is-layout-flow wp-block-column-is-layout-flow\" style=\"flex-basis:30%\">\n<figure class=\"wp-block-image is-style-rounded\"><img decoding=\"async\" src=\"http:\/\/pscherer-online.de\/wp\/wp-content\/uploads\/2019\/11\/299914-P7FN9B-47-2-1024x682.jpg\" alt=\"Dieses Bild hat ein leeres Alt-Attribut. Der Dateiname ist 299914-P7FN9B-47-2-1024x682.jpg\"\/><\/figure>\n\n\n\n<p class=\"has-medium-font-size\"><strong>Kontakt<\/strong><\/p>\n\n\n\n<p><strong>Lengenfeld<\/strong><br>Reichenbacher Str. 39<br>08485 Lengenfeld<br>Stefan Breymann<br><i class=\"wp-svg-phone phone\"><\/i> 037606 39-330<br><i class=\"wp-svg-envelop envelop\"><\/i> sbr@pscherer-online.de<\/p>\n<\/div>\n<\/div>\n\n\n\n<a href=\"javascript:history.back();\"><i class=\"wp-svg-backward-2 backward-2\"><\/i> zur\u00fcck zu den Angeboten<\/a>\n\n\n\n<div style=\"font-size:12px\" align=\"right\">Bildrechte:<br>\n442710_R_K_B_by_Rainer-Sturm_pixelio.de\n<\/div>\n","protected":false},"excerpt":{"rendered":"<p>Seminare, Exkursionen, Workshops rund um den Themenkreis\u201eEnergieeffizienz &#8211; erneuerbare Energien\u201c Das Bildungsinstitut PSCHERER fungiert als \u201eAnerkanntes Kompetenzzentrum der SAENA GmbH f\u00fcr die Qualifizierung auf dem Gebiet Energieeffizienz und Einsatz erneuerbarer Energien\u201c in<a class=\"moretag\" href=\"https:\/\/pscherer-online.de\/wp\/?page_id=1683\">mehr anzeigen&#8230;<\/a><\/p>\n","protected":false},"author":1,"featured_media":0,"parent":141,"menu_order":0,"comment_status":"closed","ping_status":"closed","template":"page-sidebar.php","meta":{"footnotes":""},"class_list":["post-1683","page","type-page","status-publish","hentry"],"_links":{"self":[{"href":"https:\/\/pscherer-online.de\/wp\/index.php?rest_route=\/wp\/v2\/pages\/1683","targetHints":{"allow":["GET"]}}],"collection":[{"href":"https:\/\/pscherer-online.de\/wp\/index.php?rest_route=\/wp\/v2\/pages"}],"about":[{"href":"https:\/\/pscherer-online.de\/wp\/index.php?rest_route=\/wp\/v2\/types\/page"}],"author":[{"embeddable":true,"href":"https:\/\/pscherer-online.de\/wp\/index.php?rest_route=\/wp\/v2\/users\/1"}],"replies":[{"embeddable":true,"href":"https:\/\/pscherer-online.de\/wp\/index.php?rest_route=%2Fwp%2Fv2%2Fcomments&post=1683"}],"version-history":[{"count":71,"href":"https:\/\/pscherer-online.de\/wp\/index.php?rest_route=\/wp\/v2\/pages\/1683\/revisions"}],"predecessor-version":[{"id":3793,"href":"https:\/\/pscherer-online.de\/wp\/index.php?rest_route=\/wp\/v2\/pages\/1683\/revisions\/3793"}],"up":[{"embeddable":true,"href":"https:\/\/pscherer-online.de\/wp\/index.php?rest_route=\/wp\/v2\/pages\/141"}],"wp:attachment":[{"href":"https:\/\/pscherer-online.de\/wp\/index.php?rest_route=%2Fwp%2Fv2%2Fmedia&parent=1683"}],"curies":[{"name":"wp","href":"https:\/\/api.w.org\/{rel}","templated":true}]}}