{"id":134,"date":"2019-10-10T13:24:59","date_gmt":"2019-10-10T11:24:59","guid":{"rendered":"http:\/\/pscherer-online.de\/wp\/?page_id=134"},"modified":"2025-09-02T07:22:59","modified_gmt":"2025-09-02T05:22:59","slug":"aktuelles","status":"publish","type":"page","link":"https:\/\/pscherer-online.de\/wp\/","title":{"rendered":"@Landing Page"},"content":{"rendered":"\n<div style=\"height:19px\" aria-hidden=\"true\" class=\"wp-block-spacer\"><\/div>\n\n\n\n<div class=\"wp-block-columns alignfull is-layout-flex wp-container-core-columns-is-layout-9d6595d7 wp-block-columns-is-layout-flex\">\n<div class=\"wp-block-column is-layout-flow wp-block-column-is-layout-flow\" style=\"flex-basis:100%\">\n<div class=\"wp-block-group\"><div class=\"wp-block-group__inner-container is-layout-constrained wp-block-group-is-layout-constrained\"><div class=\"lps-block-preview\"><section class=\"latest-post-selection four-columns as-overlay has-title-nodecoration has-title-uppercase hover-zoom content-end dark tall ver2\" id=\"lps-482c676200389bdf1c774ae181e390a0\" style=\"\" role=\"list\"><article class=\"post-5758 post type-post status-publish format-standard has-post-thumbnail hentry category-news has-link\" data-lps-id=\"5758\" role=\"listitem\"><figure class=\"article__image\"><img decoding=\"async\" src=\"https:\/\/pscherer-online.de\/wp\/wp-content\/uploads\/2026\/03\/man-writing-something-with-chalk-top-view-frame-black_BE.jpg\" class=\"lps-tile-main-image lps-custom-thumbnail\" loading=\"lazy\" alt=\"Start eines neuen Integrationskurs in Hof am 08.06.2026\" width=\"150\" height=\"100\"><\/figure><div class=\"article__info\"><h3 class=\"article__title item-title-tag\"><a href=\"https:\/\/pscherer-online.de\/wp\/?p=5758\" title=\"Start eines neuen Integrationskurs in Hof am 08.06.2026\" class=\"article__link main-link\">Start eines neuen Integrationskurs in Hof am 08.06.2026<\/a><\/h3><\/div><\/article><article class=\"post-5785 post type-post status-publish format-standard has-post-thumbnail hentry category-news has-link\" data-lps-id=\"5785\" role=\"listitem\"><figure class=\"article__image\"><img decoding=\"async\" src=\"https:\/\/pscherer-online.de\/wp\/wp-content\/uploads\/2026\/04\/Image_BIPaktuell_01_26.jpg\" class=\"lps-tile-main-image lps-custom-thumbnail\" loading=\"lazy\" alt=\"Die neue bip-aktuell ist erschienen!\" width=\"150\" height=\"100\"><\/figure><div class=\"article__info\"><h3 class=\"article__title item-title-tag\"><a href=\"https:\/\/pscherer-online.de\/wp\/?p=5785\" title=\"Die neue bip-aktuell ist erschienen!\" class=\"article__link main-link\">Die neue bip-aktuell ist erschienen!<\/a><\/h3><\/div><\/article><article class=\"post-5693 post type-post status-publish format-standard has-post-thumbnail hentry category-news has-link\" data-lps-id=\"5693\" role=\"listitem\"><figure class=\"article__image\"><img decoding=\"async\" src=\"https:\/\/pscherer-online.de\/wp\/wp-content\/uploads\/2026\/01\/Mock-up-bip4_25.jpg\" class=\"lps-tile-main-image lps-custom-thumbnail\" loading=\"lazy\" alt=\"Die neue bip-aktuell ist erschienen!\" width=\"150\" height=\"100\"><\/figure><div class=\"article__info\"><h3 class=\"article__title item-title-tag\"><a href=\"https:\/\/pscherer-online.de\/wp\/?p=5693\" title=\"Die neue bip-aktuell ist erschienen!\" class=\"article__link main-link\">Die neue bip-aktuell ist erschienen!<\/a><\/h3><\/div><\/article><article class=\"post-5680 post type-post status-publish format-standard has-post-thumbnail hentry category-news has-link\" data-lps-id=\"5680\" role=\"listitem\"><figure class=\"article__image\"><img decoding=\"async\" src=\"https:\/\/pscherer-online.de\/wp\/wp-content\/uploads\/2026\/01\/LE4B54_1.jpg\" class=\"lps-tile-main-image lps-custom-thumbnail\" loading=\"lazy\" alt=\"Start des neuen Flows im Projekt JUVENTUS \u2013 I:DeAl\" width=\"150\" height=\"100\"><\/figure><div class=\"article__info\"><h3 class=\"article__title item-title-tag\"><a href=\"https:\/\/pscherer-online.de\/wp\/?p=5680\" title=\"Start des neuen Flows im Projekt JUVENTUS \u2013 I:DeAl\" class=\"article__link main-link\">Start des neuen Flows im Projekt JUVENTUS \u2013 I:DeAl<\/a><\/h3><\/div><\/article><article class=\"post-5616 post type-post status-publish format-standard has-post-thumbnail hentry category-news has-link\" data-lps-id=\"5616\" role=\"listitem\"><figure class=\"article__image\"><img decoding=\"async\" src=\"https:\/\/pscherer-online.de\/wp\/wp-content\/uploads\/2025\/11\/bip-aktuell_Bild-Website.jpg\" class=\"lps-tile-main-image lps-custom-thumbnail\" loading=\"lazy\" alt=\"Die neue bip-aktuell ist erschienen!\" width=\"100\" height=\"150\"><\/figure><div class=\"article__info\"><h3 class=\"article__title item-title-tag\"><a href=\"https:\/\/pscherer-online.de\/wp\/?p=5616\" title=\"Die neue bip-aktuell ist erschienen!\" class=\"article__link main-link\">Die neue bip-aktuell ist erschienen!<\/a><\/h3><\/div><\/article><article class=\"post-5195 post type-post status-publish format-standard has-post-thumbnail hentry category-news has-link\" data-lps-id=\"5195\" role=\"listitem\"><figure class=\"article__image\"><img decoding=\"async\" src=\"https:\/\/pscherer-online.de\/wp\/wp-content\/uploads\/2025\/06\/SOcialMediabild.jpg\" class=\"lps-tile-main-image lps-custom-thumbnail\" loading=\"lazy\" alt=\"Die neue bip-aktuell ist erschienen!\" width=\"150\" height=\"100\"><\/figure><div class=\"article__info\"><h3 class=\"article__title item-title-tag\"><a href=\"https:\/\/pscherer-online.de\/wp\/?p=5195\" title=\"Die neue bip-aktuell ist erschienen!\" class=\"article__link main-link\">Die neue bip-aktuell ist erschienen!<\/a><\/h3><\/div><\/article><article class=\"post-5160 post type-post status-publish format-standard has-post-thumbnail hentry category-news has-link\" data-lps-id=\"5160\" role=\"listitem\"><figure class=\"article__image\"><img decoding=\"async\" src=\"https:\/\/pscherer-online.de\/wp\/wp-content\/uploads\/2025\/04\/woman-holding-mock-up-magazine_BIP.jpg\" class=\"lps-tile-main-image lps-custom-thumbnail\" loading=\"lazy\" alt=\"Die neue bip-aktuell ist erschienen!\" width=\"150\" height=\"113\"><\/figure><div class=\"article__info\"><h3 class=\"article__title item-title-tag\"><a href=\"https:\/\/pscherer-online.de\/wp\/?p=5160\" title=\"Die neue bip-aktuell ist erschienen!\" class=\"article__link main-link\">Die neue bip-aktuell ist erschienen!<\/a><\/h3><\/div><\/article><article class=\"post-4791 post type-post status-publish format-standard has-post-thumbnail hentry category-news has-link\" data-lps-id=\"4791\" role=\"listitem\"><figure class=\"article__image\"><img decoding=\"async\" src=\"https:\/\/pscherer-online.de\/wp\/wp-content\/uploads\/2024\/08\/1735824377778.jpg\" class=\"lps-tile-main-image lps-custom-thumbnail\" loading=\"lazy\" alt=\"Alphabetisierung: Kultusministerium f\u00f6rdert regionale Grundbildungszentren f\u00fcr Erwachsene\" width=\"150\" height=\"113\"><\/figure><div class=\"article__info\"><h3 class=\"article__title item-title-tag\"><a href=\"https:\/\/pscherer-online.de\/wp\/?p=4791\" title=\"Alphabetisierung: Kultusministerium f\u00f6rdert regionale Grundbildungszentren f\u00fcr Erwachsene\" class=\"article__link main-link\">Alphabetisierung: Kultusministerium f\u00f6rdert regionale Grundbildungszentren f\u00fcr Erwachsene<\/a><\/h3><\/div><\/article><\/section><\/div><\/div><\/div>\n<\/div>\n<\/div>\n\n\n\n<div class=\"wp-block-columns is-layout-flex wp-container-core-columns-is-layout-9d6595d7 wp-block-columns-is-layout-flex\">\n<div class=\"wp-block-column is-layout-flow wp-block-column-is-layout-flow\" style=\"flex-basis:33.33%\"><div class=\"wp-block-image is-style-default\">\n<figure class=\"aligncenter size-large is-resized\"><img decoding=\"async\" src=\"https:\/\/pscherer-online.de\/wp\/wp-content\/uploads\/2020\/07\/Pflanze_Bildung_Beratung_Entwicklung-469x1024.png\" alt=\"\" style=\"width:235px;height:512px\"\/><\/figure><\/div><\/div>\n\n\n\n<div class=\"wp-block-column is-layout-flow wp-block-column-is-layout-flow\" style=\"flex-basis:66.66%\">\n<p class=\"has-large-font-size\"><br><strong>Bildungsinstitut PSCHERER<\/strong><\/p>\n\n\n\n<p>Seit 1990 ist das in Lengenfeld im Vogtland ans\u00e4ssige Bildungsinstitut PSCHERER auf den Gebieten der beruflichen Bildung, Beratung und Entwicklung erfolgreich t\u00e4tig. In dieser Zeit konnten eine Vielzahl an Ausbildungs- und Kompetenzbereichen aufgebaut werden, welche an den Standorten in Sachsen und Bayern durch unsere Mitarbeiterinnen und Mitarbeiter angeboten werden. Angefangen bei der Berufs- und Studienorientierung reichen unsere Leistungen von der beruflichen Weiterbildung, Neuorientierung und Reintegration bis hin zur Personal- und Organisationsentwicklung. Die Palette unserer Bildungsangebote richtet sich an alle Personen, die eine berufliche (Neu-)Orientierung oder soziale Integration anstreben, sowie Unternehmen und Kommunen, die zusammen mit ihren Mitarbeitern ihre zuk\u00fcnftige Bildung gestalten wollen. Erfahren Sie mehr \u00fcber unser Verst\u00e4ndnis von Bildung, Beratung und Entwicklung.<\/p>\n\n\n\n<div class=\"wp-block-buttons is-horizontal is-content-justification-left is-layout-flex wp-container-core-buttons-is-layout-7e5fce0a wp-block-buttons-is-layout-flex\">\n<div class=\"wp-block-button is-style-outline is-style-outline--2\"><a class=\"wp-block-button__link no-border-radius wp-element-button\" href=\"?page_id=2874\">mehr \u00fcber unser Unternehmen<\/a><\/div>\n<\/div>\n<\/div>\n<\/div>\n\n\n\n<p><\/p>\n\n\n\n<div class=\"wp-block-cover is-light\"><span aria-hidden=\"true\" class=\"wp-block-cover__background has-background-dim\"><\/span><img loading=\"lazy\" decoding=\"async\" width=\"1920\" height=\"1280\" class=\"wp-block-cover__image-background wp-image-972\" alt=\"\" src=\"https:\/\/pscherer-online.de\/wp\/wp-content\/uploads\/2020\/06\/4509_freepik.jpg\" data-object-fit=\"cover\" srcset=\"https:\/\/pscherer-online.de\/wp\/wp-content\/uploads\/2020\/06\/4509_freepik.jpg 1920w, https:\/\/pscherer-online.de\/wp\/wp-content\/uploads\/2020\/06\/4509_freepik-300x200.jpg 300w, https:\/\/pscherer-online.de\/wp\/wp-content\/uploads\/2020\/06\/4509_freepik-1024x683.jpg 1024w, https:\/\/pscherer-online.de\/wp\/wp-content\/uploads\/2020\/06\/4509_freepik-768x512.jpg 768w, https:\/\/pscherer-online.de\/wp\/wp-content\/uploads\/2020\/06\/4509_freepik-1536x1024.jpg 1536w\" sizes=\"auto, (max-width: 1920px) 100vw, 1920px\" \/><div class=\"wp-block-cover__inner-container is-layout-flow wp-block-cover-is-layout-flow\">\n<p class=\"has-text-align-left has-white-color has-text-color has-huge-font-size\">WERDE TEIL UNSERES <strong>TEAMS<span style=\"color:#0169b1\" class=\"has-inline-color\">.<\/span><\/strong><\/p>\n<\/div><\/div>\n\n\n\n<p align=\"left\"><br>Wir sind immer auf der Suche nach motivierten Mitarbeitern, die ihrer Arbeit mit gro\u00dfem Engagement nachgehen.<br>Wir bieten im Gegenzug ein Miteinander, das auf Wertsch\u00e4tzung und gegenseitigem Respekt beruht.<br>Die hohe Kollegialit\u00e4t und dynamische Struktur erm\u00f6glichen eine gute Unternehmenskultur, bei der jeder Handgriff gleicherma\u00dfen gesch\u00e4tzt wird.<\/p>\n\n\n\n<div class=\"wp-block-buttons is-horizontal is-content-justification-center is-layout-flex wp-container-core-buttons-is-layout-499968f5 wp-block-buttons-is-layout-flex\">\n<div class=\"wp-block-button is-style-outline is-style-outline--3\"><a class=\"wp-block-button__link no-border-radius wp-element-button\" href=\"https:\/\/pscherer-online.jobs.personio.de\/\" target=\"_blank\" rel=\"noreferrer noopener\">Jetzt bewerben<\/a><\/div>\n<\/div>\n\n\n\n<div style=\"font-size:12px\" align=\"right\">Bildrechte:<br>\nHaus des Buches: Wikipedia, Martin Geisler<br>  \n<\/div>\n\n\n\n<img decoding=\"async\" src=\"wp-content\/uploads\/2020\/06\/feedback1.jpg\" name=\"feedb\" alt=\"Slideshow\">\n<script type=\"text\/javascript\">\nvar b = new Array();\nb[0] = new Image(); b[0].src = \"wp-content\/uploads\/2020\/06\/feedback1.jpg\";\nb[1] = new Image(); b[1].src = \"wp-content\/uploads\/2020\/06\/feedback2.jpg\";\nb[2] = new Image(); b[2].src = \"wp-content\/uploads\/2020\/06\/2020_07_02_Webentwurf_BIP_Slightshow_Angebote-04.jpg\";\nb[3] = new Image(); b[3].src = \"wp-content\/uploads\/2020\/06\/feedback1.jpg\";\nb[4] = new Image(); b[4].src = \"wp-content\/uploads\/2020\/06\/feedback2.jpg\";\nvar i = 0;\nfunction Animation () {\n  if (i > 4)\n    i = 0;\n  document.feedb.src = b[i].src;\n  i = i + 1;\n  window.setTimeout(\"Animation()\", 8000);\n}\n\nwindow.setTimeout(\"Animation()\", 8000);\n<\/script>\n\n<link rel=\"prefetch\" href=\"https:\/\/pscherer-online.de\/wp\/wp-content\/uploads\/2020\/07\/Button_1o-e1594891612949.png\">\n<link rel=\"prefetch\" href=\"https:\/\/pscherer-online.de\/wp\/wp-content\/uploads\/2020\/07\/Button_2o-e1594891572718.png\">\n<link rel=\"prefetch\" href=\"https:\/\/pscherer-online.de\/wp\/wp-content\/uploads\/2020\/07\/Button_3o-e1594891599121.png\">\n<link rel=\"prefetch\" href=\"https:\/\/pscherer-online.de\/wp\/wp-content\/uploads\/2020\/07\/Button_4o-e1594891587239.png\">\n\n\n\n<div style=\"height:100px\" aria-hidden=\"true\" class=\"wp-block-spacer\"><\/div>\n\n\n\n<div class=\"wp-block-columns is-layout-flex wp-container-core-columns-is-layout-9d6595d7 wp-block-columns-is-layout-flex\">\n<div class=\"wp-block-column is-layout-flow wp-block-column-is-layout-flow\" style=\"flex-basis:25%\">\n<div class=\"wp-block-image size-large is-style-default\"><figure class=\"aligncenter size-large is-resized\"><a href=\"?page_id=141#a1\"><img loading=\"lazy\" decoding=\"async\" src=\"https:\/\/pscherer-online.de\/wp\/wp-content\/uploads\/2020\/06\/Button_2-e1594891709885.png\" alt=\"\" onmouseover=\"this.src='https:\/\/pscherer-online.de\/wp\/wp-content\/uploads\/2020\/07\/Button_2o-e1594891572718.png'\" onmouseout=\"this.src='https:\/\/pscherer-online.de\/wp\/wp-content\/uploads\/2020\/06\/Button_2-e1594891709885.png'\" width=\"250\" height=\"250\"><\/a><\/figure><\/div>\n\n\n\n<p class=\"has-text-align-center has-medium-font-size\"><strong>Angebote f\u00fcr Arbeitsuchende<\/strong><\/p>\n<\/div>\n\n\n\n<div class=\"wp-block-column is-layout-flow wp-block-column-is-layout-flow\" style=\"flex-basis:25%\">\n<div class=\"wp-block-image\"><figure class=\"aligncenter size-large is-resized\"><a href=\"?page_id=141#a2\"><img loading=\"lazy\" decoding=\"async\" src=\"https:\/\/pscherer-online.de\/wp\/wp-content\/uploads\/2020\/06\/Button_3-e1594891688263.png\" alt=\"\" onmouseover=\"this.src='https:\/\/pscherer-online.de\/wp\/wp-content\/uploads\/2020\/07\/Button_3o-e1594891599121.png'\" onmouseout=\"this.src='https:\/\/pscherer-online.de\/wp\/wp-content\/uploads\/2020\/06\/Button_3-e1594891688263.png'\" width=\"250\" height=\"250\"><\/a><\/figure><\/div>\n\n\n\n<p class=\"has-text-align-center has-medium-font-size\"><strong>Angebote f\u00fcr Migranten und Fl\u00fcchtlinge<\/strong><\/p>\n<\/div>\n\n\n\n<div class=\"wp-block-column is-layout-flow wp-block-column-is-layout-flow\" style=\"flex-basis:25%\">\n<div class=\"wp-block-image\"><figure class=\"aligncenter size-large is-resized\"><a href=\"?page_id=141#a3\"><img loading=\"lazy\" decoding=\"async\" src=\"https:\/\/pscherer-online.de\/wp\/wp-content\/uploads\/2020\/06\/Button_1-e1594891667908.png\" alt=\"\" onmouseover=\"this.src='https:\/\/pscherer-online.de\/wp\/wp-content\/uploads\/2020\/07\/Button_1o-e1594891612949.png'\" onmouseout=\"this.src='https:\/\/pscherer-online.de\/wp\/wp-content\/uploads\/2020\/06\/Button_1-e1594891667908.png'\" width=\"250\" height=\"250\"><\/a><\/figure><\/div>\n\n\n\n<p class=\"has-text-align-center has-medium-font-size\"><strong>Angebote f\u00fcr Schulen und Sch\u00fcler<\/strong><\/p>\n<\/div>\n\n\n\n<div class=\"wp-block-column is-layout-flow wp-block-column-is-layout-flow\" style=\"flex-basis:25%\">\n<div class=\"wp-block-image\"><figure class=\"aligncenter size-large is-resized\"><a href=\"?page_id=141#a4\"><img loading=\"lazy\" decoding=\"async\" src=\"https:\/\/pscherer-online.de\/wp\/wp-content\/uploads\/2020\/06\/Button_4-e1594891651222.png\" alt=\"\" onmouseover=\"this.src='https:\/\/pscherer-online.de\/wp\/wp-content\/uploads\/2020\/07\/Button_4o-e1594891587239.png'\" onmouseout=\"this.src='https:\/\/pscherer-online.de\/wp\/wp-content\/uploads\/2020\/06\/Button_4-e1594891651222.png'\" width=\"250\" height=\"250\"><\/a><\/figure><\/div>\n\n\n\n<p class=\"has-text-align-center has-medium-font-size\"><strong>Angebote f\u00fcr Unternehmen, Kommunen und Besch\u00e4ftigte<\/strong><\/p>\n\n\n\n<p><\/p>\n<\/div>\n<\/div>\n\n\n\n<p><\/p>\n\n\n\n<p><\/p>\n\n\n\n<p><\/p>\n","protected":false},"excerpt":{"rendered":"<p>Bildungsinstitut PSCHERER Seit 1990 ist das in Lengenfeld im Vogtland ans\u00e4ssige Bildungsinstitut PSCHERER auf den Gebieten der beruflichen Bildung, Beratung und Entwicklung erfolgreich t\u00e4tig. In dieser Zeit konnten eine Vielzahl an Ausbildungs-<a class=\"moretag\" href=\"https:\/\/pscherer-online.de\/wp\/\">mehr anzeigen&#8230;<\/a><\/p>\n","protected":false},"author":1,"featured_media":0,"parent":0,"menu_order":0,"comment_status":"closed","ping_status":"closed","template":"page-sidebar.php","meta":{"footnotes":""},"class_list":["post-134","page","type-page","status-publish","hentry"],"_links":{"self":[{"href":"https:\/\/pscherer-online.de\/wp\/index.php?rest_route=\/wp\/v2\/pages\/134","targetHints":{"allow":["GET"]}}],"collection":[{"href":"https:\/\/pscherer-online.de\/wp\/index.php?rest_route=\/wp\/v2\/pages"}],"about":[{"href":"https:\/\/pscherer-online.de\/wp\/index.php?rest_route=\/wp\/v2\/types\/page"}],"author":[{"embeddable":true,"href":"https:\/\/pscherer-online.de\/wp\/index.php?rest_route=\/wp\/v2\/users\/1"}],"replies":[{"embeddable":true,"href":"https:\/\/pscherer-online.de\/wp\/index.php?rest_route=%2Fwp%2Fv2%2Fcomments&post=134"}],"version-history":[{"count":683,"href":"https:\/\/pscherer-online.de\/wp\/index.php?rest_route=\/wp\/v2\/pages\/134\/revisions"}],"predecessor-version":[{"id":5552,"href":"https:\/\/pscherer-online.de\/wp\/index.php?rest_route=\/wp\/v2\/pages\/134\/revisions\/5552"}],"wp:attachment":[{"href":"https:\/\/pscherer-online.de\/wp\/index.php?rest_route=%2Fwp%2Fv2%2Fmedia&parent=134"}],"curies":[{"name":"wp","href":"https:\/\/api.w.org\/{rel}","templated":true}]}}